{"id":15,"date":"2025-04-02T10:30:00","date_gmt":"2025-04-02T08:30:00","guid":{"rendered":"https:\/\/orefugebienetre.fr\/index.php\/blog\/"},"modified":"2025-06-08T18:16:55","modified_gmt":"2025-06-08T16:16:55","slug":"blog","status":"publish","type":"page","link":"https:\/\/orefugebienetre.fr\/index.php\/blog\/","title":{"rendered":"Blog"},"content":{"rendered":"<div class=\"wp-block-image\">\n<figure class=\"aligncenter size-large\"><img fetchpriority=\"high\" decoding=\"async\" width=\"687\" height=\"1024\" src=\"https:\/\/orefugebienetre.fr\/wp-content\/uploads\/2025\/06\/monde-extraordinaire-des-champignons_koreva-687x1024.jpg\" alt=\"\" class=\"wp-image-1044\" srcset=\"https:\/\/orefugebienetre.fr\/wp-content\/uploads\/2025\/06\/monde-extraordinaire-des-champignons_koreva-687x1024.jpg 687w, https:\/\/orefugebienetre.fr\/wp-content\/uploads\/2025\/06\/monde-extraordinaire-des-champignons_koreva-201x300.jpg 201w, https:\/\/orefugebienetre.fr\/wp-content\/uploads\/2025\/06\/monde-extraordinaire-des-champignons_koreva-101x150.jpg 101w, https:\/\/orefugebienetre.fr\/wp-content\/uploads\/2025\/06\/monde-extraordinaire-des-champignons_koreva-768x1144.jpg 768w, https:\/\/orefugebienetre.fr\/wp-content\/uploads\/2025\/06\/monde-extraordinaire-des-champignons_koreva-1031x1536.jpg 1031w, https:\/\/orefugebienetre.fr\/wp-content\/uploads\/2025\/06\/monde-extraordinaire-des-champignons_koreva-1374x2048.jpg 1374w, https:\/\/orefugebienetre.fr\/wp-content\/uploads\/2025\/06\/monde-extraordinaire-des-champignons_koreva-scaled.jpg 1718w\" sizes=\"(max-width: 687px) 100vw, 687px\" \/><\/figure>\n<\/div>\n\n\n<figure class=\"wp-block-image size-large\"><img decoding=\"async\" width=\"739\" height=\"1024\" src=\"https:\/\/orefugebienetre.fr\/wp-content\/uploads\/2025\/06\/monde-extraordinaire-des-champignons-suite_koreva-739x1024.jpg\" alt=\"\" class=\"wp-image-1051\" srcset=\"https:\/\/orefugebienetre.fr\/wp-content\/uploads\/2025\/06\/monde-extraordinaire-des-champignons-suite_koreva-739x1024.jpg 739w, https:\/\/orefugebienetre.fr\/wp-content\/uploads\/2025\/06\/monde-extraordinaire-des-champignons-suite_koreva-216x300.jpg 216w, https:\/\/orefugebienetre.fr\/wp-content\/uploads\/2025\/06\/monde-extraordinaire-des-champignons-suite_koreva-108x150.jpg 108w, https:\/\/orefugebienetre.fr\/wp-content\/uploads\/2025\/06\/monde-extraordinaire-des-champignons-suite_koreva-768x1064.jpg 768w, https:\/\/orefugebienetre.fr\/wp-content\/uploads\/2025\/06\/monde-extraordinaire-des-champignons-suite_koreva-1108x1536.jpg 1108w, https:\/\/orefugebienetre.fr\/wp-content\/uploads\/2025\/06\/monde-extraordinaire-des-champignons-suite_koreva-1478x2048.jpg 1478w, https:\/\/orefugebienetre.fr\/wp-content\/uploads\/2025\/06\/monde-extraordinaire-des-champignons-suite_koreva-scaled.jpg 1847w\" sizes=\"(max-width: 739px) 100vw, 739px\" \/><\/figure>\n","protected":false},"excerpt":{"rendered":"","protected":false},"author":1,"featured_media":0,"parent":0,"menu_order":0,"comment_status":"closed","ping_status":"closed","template":"post-left-sidebar.php","meta":{"inline_featured_image":false,"footnotes":""},"class_list":["post-15","page","type-page","status-publish","hentry"],"yoast_head":"<!-- This site is optimized with the Yoast SEO plugin v25.5 - https:\/\/yoast.com\/wordpress\/plugins\/seo\/ -->\n<title>Blog - \u00d4 refuge bien \u00eatre<\/title>\n<meta name=\"robots\" content=\"index, follow, max-snippet:-1, max-image-preview:large, max-video-preview:-1\" \/>\n<link rel=\"canonical\" href=\"https:\/\/orefugebienetre.fr\/index.php\/blog\/\" \/>\n<meta property=\"og:locale\" content=\"fr_FR\" \/>\n<meta property=\"og:type\" content=\"article\" \/>\n<meta property=\"og:title\" content=\"Blog - \u00d4 refuge bien \u00eatre\" \/>\n<meta property=\"og:url\" content=\"https:\/\/orefugebienetre.fr\/index.php\/blog\/\" \/>\n<meta property=\"og:site_name\" content=\"\u00d4 refuge bien \u00eatre\" \/>\n<meta property=\"article:publisher\" content=\"https:\/\/www.facebook.com\/people\/Hlne-Illys\/pfbid025qQGgmMxFcpgVs2mo8tz3snCTwoNLzvR2jmKvJQk6qnYKJ9VXFJkGSuypazHhVjtl\/\" \/>\n<meta property=\"article:modified_time\" content=\"2025-06-08T16:16:55+00:00\" \/>\n<meta property=\"og:image\" content=\"https:\/\/orefugebienetre.fr\/wp-content\/uploads\/2025\/06\/monde-extraordinaire-des-champignons_koreva-687x1024.jpg\" \/>\n<meta name=\"twitter:card\" content=\"summary_large_image\" \/>\n<script type=\"application\/ld+json\" class=\"yoast-schema-graph\">{\"@context\":\"https:\/\/schema.org\",\"@graph\":[{\"@type\":\"WebPage\",\"@id\":\"https:\/\/orefugebienetre.fr\/index.php\/blog\/\",\"url\":\"https:\/\/orefugebienetre.fr\/index.php\/blog\/\",\"name\":\"Blog - \u00d4 refuge bien \u00eatre\",\"isPartOf\":{\"@id\":\"https:\/\/orefugebienetre.fr\/#website\"},\"primaryImageOfPage\":{\"@id\":\"https:\/\/orefugebienetre.fr\/index.php\/blog\/#primaryimage\"},\"image\":{\"@id\":\"https:\/\/orefugebienetre.fr\/index.php\/blog\/#primaryimage\"},\"thumbnailUrl\":\"https:\/\/orefugebienetre.fr\/wp-content\/uploads\/2025\/06\/monde-extraordinaire-des-champignons_koreva-687x1024.jpg\",\"datePublished\":\"2025-04-02T08:30:00+00:00\",\"dateModified\":\"2025-06-08T16:16:55+00:00\",\"breadcrumb\":{\"@id\":\"https:\/\/orefugebienetre.fr\/index.php\/blog\/#breadcrumb\"},\"inLanguage\":\"fr-FR\",\"potentialAction\":[{\"@type\":\"ReadAction\",\"target\":[\"https:\/\/orefugebienetre.fr\/index.php\/blog\/\"]}]},{\"@type\":\"ImageObject\",\"inLanguage\":\"fr-FR\",\"@id\":\"https:\/\/orefugebienetre.fr\/index.php\/blog\/#primaryimage\",\"url\":\"https:\/\/orefugebienetre.fr\/wp-content\/uploads\/2025\/06\/monde-extraordinaire-des-champignons_koreva-scaled.jpg\",\"contentUrl\":\"https:\/\/orefugebienetre.fr\/wp-content\/uploads\/2025\/06\/monde-extraordinaire-des-champignons_koreva-scaled.jpg\",\"width\":1718,\"height\":2560},{\"@type\":\"BreadcrumbList\",\"@id\":\"https:\/\/orefugebienetre.fr\/index.php\/blog\/#breadcrumb\",\"itemListElement\":[{\"@type\":\"ListItem\",\"position\":1,\"name\":\"Accueil\",\"item\":\"https:\/\/orefugebienetre.fr\/\"},{\"@type\":\"ListItem\",\"position\":2,\"name\":\"Blog\"}]},{\"@type\":\"WebSite\",\"@id\":\"https:\/\/orefugebienetre.fr\/#website\",\"url\":\"https:\/\/orefugebienetre.fr\/\",\"name\":\"\u00d4 refuge bien \u00eatre\",\"description\":\"\u00d4 refuge bien \u00eatre\",\"publisher\":{\"@id\":\"https:\/\/orefugebienetre.fr\/#organization\"},\"potentialAction\":[{\"@type\":\"SearchAction\",\"target\":{\"@type\":\"EntryPoint\",\"urlTemplate\":\"https:\/\/orefugebienetre.fr\/?s={search_term_string}\"},\"query-input\":{\"@type\":\"PropertyValueSpecification\",\"valueRequired\":true,\"valueName\":\"search_term_string\"}}],\"inLanguage\":\"fr-FR\"},{\"@type\":\"Organization\",\"@id\":\"https:\/\/orefugebienetre.fr\/#organization\",\"name\":\"\u00d4 refuge bien \u00eatre\",\"url\":\"https:\/\/orefugebienetre.fr\/\",\"logo\":{\"@type\":\"ImageObject\",\"inLanguage\":\"fr-FR\",\"@id\":\"https:\/\/orefugebienetre.fr\/#\/schema\/logo\/image\/\",\"url\":\"https:\/\/orefugebienetre.fr\/wp-content\/uploads\/2025\/04\/O-refuge-bien-etre-2.svg\",\"contentUrl\":\"https:\/\/orefugebienetre.fr\/wp-content\/uploads\/2025\/04\/O-refuge-bien-etre-2.svg\",\"width\":940,\"height\":788,\"caption\":\"\u00d4 refuge bien \u00eatre\"},\"image\":{\"@id\":\"https:\/\/orefugebienetre.fr\/#\/schema\/logo\/image\/\"},\"sameAs\":[\"https:\/\/www.facebook.com\/people\/Hlne-Illys\/pfbid025qQGgmMxFcpgVs2mo8tz3snCTwoNLzvR2jmKvJQk6qnYKJ9VXFJkGSuypazHhVjtl\/\",\"https:\/\/www.instagram.com\/orefugebienetre_angers\/#\",\"https:\/\/www.linkedin.com\/in\/hlne-illyes-122a329\/\"]}]}<\/script>\n<!-- \/ Yoast SEO plugin. -->","yoast_head_json":{"title":"Blog - \u00d4 refuge bien \u00eatre","robots":{"index":"index","follow":"follow","max-snippet":"max-snippet:-1","max-image-preview":"max-image-preview:large","max-video-preview":"max-video-preview:-1"},"canonical":"https:\/\/orefugebienetre.fr\/index.php\/blog\/","og_locale":"fr_FR","og_type":"article","og_title":"Blog - \u00d4 refuge bien \u00eatre","og_url":"https:\/\/orefugebienetre.fr\/index.php\/blog\/","og_site_name":"\u00d4 refuge bien \u00eatre","article_publisher":"https:\/\/www.facebook.com\/people\/Hlne-Illys\/pfbid025qQGgmMxFcpgVs2mo8tz3snCTwoNLzvR2jmKvJQk6qnYKJ9VXFJkGSuypazHhVjtl\/","article_modified_time":"2025-06-08T16:16:55+00:00","og_image":[{"url":"https:\/\/orefugebienetre.fr\/wp-content\/uploads\/2025\/06\/monde-extraordinaire-des-champignons_koreva-687x1024.jpg","type":"","width":"","height":""}],"twitter_card":"summary_large_image","schema":{"@context":"https:\/\/schema.org","@graph":[{"@type":"WebPage","@id":"https:\/\/orefugebienetre.fr\/index.php\/blog\/","url":"https:\/\/orefugebienetre.fr\/index.php\/blog\/","name":"Blog - \u00d4 refuge bien \u00eatre","isPartOf":{"@id":"https:\/\/orefugebienetre.fr\/#website"},"primaryImageOfPage":{"@id":"https:\/\/orefugebienetre.fr\/index.php\/blog\/#primaryimage"},"image":{"@id":"https:\/\/orefugebienetre.fr\/index.php\/blog\/#primaryimage"},"thumbnailUrl":"https:\/\/orefugebienetre.fr\/wp-content\/uploads\/2025\/06\/monde-extraordinaire-des-champignons_koreva-687x1024.jpg","datePublished":"2025-04-02T08:30:00+00:00","dateModified":"2025-06-08T16:16:55+00:00","breadcrumb":{"@id":"https:\/\/orefugebienetre.fr\/index.php\/blog\/#breadcrumb"},"inLanguage":"fr-FR","potentialAction":[{"@type":"ReadAction","target":["https:\/\/orefugebienetre.fr\/index.php\/blog\/"]}]},{"@type":"ImageObject","inLanguage":"fr-FR","@id":"https:\/\/orefugebienetre.fr\/index.php\/blog\/#primaryimage","url":"https:\/\/orefugebienetre.fr\/wp-content\/uploads\/2025\/06\/monde-extraordinaire-des-champignons_koreva-scaled.jpg","contentUrl":"https:\/\/orefugebienetre.fr\/wp-content\/uploads\/2025\/06\/monde-extraordinaire-des-champignons_koreva-scaled.jpg","width":1718,"height":2560},{"@type":"BreadcrumbList","@id":"https:\/\/orefugebienetre.fr\/index.php\/blog\/#breadcrumb","itemListElement":[{"@type":"ListItem","position":1,"name":"Accueil","item":"https:\/\/orefugebienetre.fr\/"},{"@type":"ListItem","position":2,"name":"Blog"}]},{"@type":"WebSite","@id":"https:\/\/orefugebienetre.fr\/#website","url":"https:\/\/orefugebienetre.fr\/","name":"\u00d4 refuge bien \u00eatre","description":"\u00d4 refuge bien \u00eatre","publisher":{"@id":"https:\/\/orefugebienetre.fr\/#organization"},"potentialAction":[{"@type":"SearchAction","target":{"@type":"EntryPoint","urlTemplate":"https:\/\/orefugebienetre.fr\/?s={search_term_string}"},"query-input":{"@type":"PropertyValueSpecification","valueRequired":true,"valueName":"search_term_string"}}],"inLanguage":"fr-FR"},{"@type":"Organization","@id":"https:\/\/orefugebienetre.fr\/#organization","name":"\u00d4 refuge bien \u00eatre","url":"https:\/\/orefugebienetre.fr\/","logo":{"@type":"ImageObject","inLanguage":"fr-FR","@id":"https:\/\/orefugebienetre.fr\/#\/schema\/logo\/image\/","url":"https:\/\/orefugebienetre.fr\/wp-content\/uploads\/2025\/04\/O-refuge-bien-etre-2.svg","contentUrl":"https:\/\/orefugebienetre.fr\/wp-content\/uploads\/2025\/04\/O-refuge-bien-etre-2.svg","width":940,"height":788,"caption":"\u00d4 refuge bien \u00eatre"},"image":{"@id":"https:\/\/orefugebienetre.fr\/#\/schema\/logo\/image\/"},"sameAs":["https:\/\/www.facebook.com\/people\/Hlne-Illys\/pfbid025qQGgmMxFcpgVs2mo8tz3snCTwoNLzvR2jmKvJQk6qnYKJ9VXFJkGSuypazHhVjtl\/","https:\/\/www.instagram.com\/orefugebienetre_angers\/#","https:\/\/www.linkedin.com\/in\/hlne-illyes-122a329\/"]}]}},"_links":{"self":[{"href":"https:\/\/orefugebienetre.fr\/index.php\/wp-json\/wp\/v2\/pages\/15","targetHints":{"allow":["GET"]}}],"collection":[{"href":"https:\/\/orefugebienetre.fr\/index.php\/wp-json\/wp\/v2\/pages"}],"about":[{"href":"https:\/\/orefugebienetre.fr\/index.php\/wp-json\/wp\/v2\/types\/page"}],"author":[{"embeddable":true,"href":"https:\/\/orefugebienetre.fr\/index.php\/wp-json\/wp\/v2\/users\/1"}],"replies":[{"embeddable":true,"href":"https:\/\/orefugebienetre.fr\/index.php\/wp-json\/wp\/v2\/comments?post=15"}],"version-history":[{"count":2,"href":"https:\/\/orefugebienetre.fr\/index.php\/wp-json\/wp\/v2\/pages\/15\/revisions"}],"predecessor-version":[{"id":1052,"href":"https:\/\/orefugebienetre.fr\/index.php\/wp-json\/wp\/v2\/pages\/15\/revisions\/1052"}],"wp:attachment":[{"href":"https:\/\/orefugebienetre.fr\/index.php\/wp-json\/wp\/v2\/media?parent=15"}],"curies":[{"name":"wp","href":"https:\/\/api.w.org\/{rel}","templated":true}]}}