{"id":505,"date":"2025-04-22T00:40:00","date_gmt":"2025-04-21T22:40:00","guid":{"rendered":"https:\/\/orefugebienetre.fr\/?page_id=505"},"modified":"2025-09-08T20:24:56","modified_gmt":"2025-09-08T18:24:56","slug":"kobido","status":"publish","type":"page","link":"https:\/\/orefugebienetre.fr\/index.php\/kobido\/","title":{"rendered":"Kobido"},"content":{"rendered":"\n<div class=\"wp-block-columns is-layout-flex wp-container-core-columns-is-layout-9d6595d7 wp-block-columns-is-layout-flex\">\n<div class=\"wp-block-column is-layout-flow wp-block-column-is-layout-flow\">\n<h3 class=\"wp-block-heading has-text-align-center\">Un listing naturel et un rituel de beaut\u00e9 ancestral japonais<br>dans le respect du corps.<\/h3>\n<\/div>\n<\/div>\n\n\n<div class=\"wp-block-image\">\n<figure class=\"aligncenter size-full is-resized\"><img fetchpriority=\"high\" decoding=\"async\" width=\"1333\" height=\"2000\" src=\"https:\/\/orefugebienetre.fr\/wp-content\/uploads\/2025\/09\/Copie-de-Photos-massages.png\" alt=\"\" class=\"wp-image-1083\" style=\"width:448px;height:auto\" srcset=\"https:\/\/orefugebienetre.fr\/wp-content\/uploads\/2025\/09\/Copie-de-Photos-massages.png 1333w, https:\/\/orefugebienetre.fr\/wp-content\/uploads\/2025\/09\/Copie-de-Photos-massages-200x300.png 200w, https:\/\/orefugebienetre.fr\/wp-content\/uploads\/2025\/09\/Copie-de-Photos-massages-682x1024.png 682w, https:\/\/orefugebienetre.fr\/wp-content\/uploads\/2025\/09\/Copie-de-Photos-massages-100x150.png 100w, https:\/\/orefugebienetre.fr\/wp-content\/uploads\/2025\/09\/Copie-de-Photos-massages-768x1152.png 768w, https:\/\/orefugebienetre.fr\/wp-content\/uploads\/2025\/09\/Copie-de-Photos-massages-1024x1536.png 1024w\" sizes=\"(max-width: 1333px) 100vw, 1333px\" \/><\/figure>\n<\/div>\n\n\n<div style=\"height:50px\" aria-hidden=\"true\" class=\"wp-block-spacer\"><\/div>\n\n\n<div class=\"wp-block-image\">\n<figure class=\"aligncenter size-large is-resized\"><img decoding=\"async\" width=\"1024\" height=\"726\" src=\"https:\/\/orefugebienetre.fr\/wp-content\/uploads\/2025\/09\/1-1024x726.png\" alt=\"\" class=\"wp-image-1065\" style=\"width:500px\" srcset=\"https:\/\/orefugebienetre.fr\/wp-content\/uploads\/2025\/09\/1-1024x726.png 1024w, https:\/\/orefugebienetre.fr\/wp-content\/uploads\/2025\/09\/1-300x213.png 300w, https:\/\/orefugebienetre.fr\/wp-content\/uploads\/2025\/09\/1-150x106.png 150w, https:\/\/orefugebienetre.fr\/wp-content\/uploads\/2025\/09\/1-768x545.png 768w, https:\/\/orefugebienetre.fr\/wp-content\/uploads\/2025\/09\/1-1536x1090.png 1536w, https:\/\/orefugebienetre.fr\/wp-content\/uploads\/2025\/09\/1.png 1748w\" sizes=\"(max-width: 1024px) 100vw, 1024px\" \/><\/figure>\n<\/div>\n\n\n<div style=\"height:50px\" aria-hidden=\"true\" class=\"wp-block-spacer\"><\/div>\n\n\n\n<div class=\"wp-block-buttons is-content-justification-center is-layout-flex wp-container-core-buttons-is-layout-16018d1d wp-block-buttons-is-layout-flex\">\n<div class=\"wp-block-button\"><a class=\"wp-block-button__link wp-element-button\" href=\"https:\/\/orefugebienetre.fr\/index.php\/contact\/\">Prendre RDV &gt;<\/a><\/div>\n<\/div>\n\n\n\n<div style=\"height:50px\" aria-hidden=\"true\" class=\"wp-block-spacer\"><\/div>\n\n\n\n<p>Vous avez un <strong>\u00e9v\u00e9nement, <\/strong>une <strong>soir\u00e9e <\/strong>ou un <strong>d\u00e9part en vacances <\/strong>et vous&nbsp; <strong>souhaitez donner un coup d\u2019\u00e9clat et de jeunesse \u00e0 votre visage juste avant de vous y rendre ? <\/strong>Une&nbsp; s\u00e9ance de massage kobido quelques heures avant ou la veille est id\u00e9ale. Les r\u00e9sultats du kobido sont&nbsp; g\u00e9n\u00e9ralement visibles d\u00e8s la premi\u00e8re s\u00e9ance.&nbsp;<\/p>\n\n\n\n<p><strong>Ou bien<\/strong>\u2026. vous souhaitez un <strong>r\u00e9sultat \u00e0 long terme et optimale<\/strong>, la fr\u00e9quence id\u00e9ale est de une \u00e0 deux s\u00e9ances hebdomadaire au d\u00e9but suivie d\u2019un entretien mensuel. Il est recommand\u00e9 de combiner ce massage avec une&nbsp; bonne hygi\u00e8ne de vie. <strong>En choisissant le kobido, vous pouvez pr\u00e9venir&nbsp; le vieillissement pr\u00e9matur\u00e9.&nbsp;<\/strong><\/p>\n\n\n\n<h3 class=\"wp-block-heading\"><strong>Qu\u2019est-ce que le massage kobido ?&nbsp;<\/strong><\/h3>\n\n\n\n<p><strong>Originaire du Japon<\/strong>, ce massage du visage a \u00e9t\u00e9 d\u00e9velopp\u00e9 il y a plus de 500 ans. Il \u00e9tait initialement r\u00e9serv\u00e9&nbsp; \u00e0 la famille imp\u00e9riale japonaise.&nbsp;<\/p>\n\n\n\n<p>Le massage est exerc\u00e9 sur les \u00e9paules, le cou et le visage.&nbsp;<\/p>\n\n\n\n<p>J\u2019 utilise toujours des huiles ou des lotions naturelles, qui permettent de nourrir et de purifier la peau. Le&nbsp; visage est lib\u00e9r\u00e9 de toutes ses tensions et crispations, ce qui lui donne un aspect plus jeune. Son efficacit\u00e9&nbsp; est sans comparaison avec une quelconque cr\u00e8me antirides car ses bienfaits ne sont pas seulement&nbsp; ext\u00e9rieurs. Il permette de <strong>lutter efficacement contre les effets du vieillissement du visage et ce de&nbsp; fa\u00e7on aussi bien pr\u00e9ventive que curative. <\/strong>Universel, il peut \u00eatre pratiqu\u00e9 sur tous les types de peaux et&nbsp; \u00e0 tous les \u00e2ges. <strong>Pour \u00eatre r\u00e9ellement efficace dans le temps je conseille de prendre 10 s\u00e9ances sur 5 \u00e0 10 semaines puis r\u00e9aliser un massage tous les mois. <\/strong>Effet nouvel \u00e9clat et repulpant assur\u00e9.&nbsp;<\/p>\n\n\n\n<p>Plus qu\u2019un massage facial classique, il s\u2019agit d\u2019une v\u00e9ritable gymnastique faciale, incluant des gestes&nbsp; techniques tels que le <strong>p\u00e9trissage<\/strong>, les <strong>percussions<\/strong>, les <strong>pressions<\/strong>, le <strong>lissage <\/strong>et les <strong>tapotements<\/strong>.&nbsp;&nbsp;<\/p>\n\n\n\n<p>Ce rituel rigoureux, transmis par les ma\u00eetres du massage japonais, vise \u00e0 stimuler les m\u00e9ridiens et la&nbsp; microcirculation sanguine pour un <strong>\u00e9clat de peau incomparable. <\/strong>Le kobido repose sur <strong>des valeurs de&nbsp; respect envers le corps et l\u2019esprit.&nbsp;<\/strong><\/p>\n\n\n\n<h3 class=\"wp-block-heading\"><strong>Les bienfaits du massage kobido&nbsp;<\/strong><\/h3>\n\n\n\n<p><strong>Qu\u2019est-ce qui rend le massage kobido si pris\u00e9 ?&nbsp;<\/strong><\/p>\n\n\n\n<p>\u2022 <strong>R\u00e9duit consid\u00e9rablement les rides et retarde leur apparition<\/strong>. Effet tenseur.&nbsp;<\/p>\n\n\n\n<p>Le kobido stimule les fibroblastes, responsables de la production de collag\u00e8ne et d\u2019\u00e9lastine, deux&nbsp; \u00e9l\u00e9ments cruciaux pour une peau ferme et souple. R\u00e9sultat : les sillons nasog\u00e9niens sont att\u00e9nu\u00e9s,&nbsp; et les rides paraissent liss\u00e9es.&nbsp;<\/p>\n\n\n\n<p>\u2022 <strong>D\u00e9noue les tensions pour \u00e9viter l\u2019apparition des rides. <\/strong>Massage anti-\u00e2ge par excellence.&nbsp;<\/p>\n\n\n\n<p>En ciblant les tensions accumul\u00e9es dans les muscles du visage, le kobido procure une profonde&nbsp; relaxation et un effet de l\u00e2cher-prise imm\u00e9diat.&nbsp;<\/p>\n\n\n\n<p>\u2022 <strong>R\u00e9\u00e9quilibre la circulation de l\u2019\u00e9nergie <\/strong>du visage ainsi que du cou.<\/p>\n\n\n\n<p>Les doux mouvements rythm\u00e9s favorisent la micro-circulation sanguine et le flux lymphatique,&nbsp; ce qui aide \u00e0 \u00e9liminer les toxines et \u00e0 revitaliser les tissus cutan\u00e9s. En lib\u00e9rant ces toxines, il&nbsp; contribue ainsi au d\u00e9gonflement du visage et \u00e0 la r\u00e9duction des cernes et poches sous les yeux. <\/p>\n\n\n\n<p>\u2022 <strong>Contours sculpt\u00e9s et peau tonifi\u00e9e&nbsp;<\/strong><\/p>\n\n\n\n<p>Gr\u00e2ce \u00e0 ses techniques de sculpture, le kobido redessine les contours sous le menton, tonifie la&nbsp; peau et donne au visage une apparence plus sculpt\u00e9e et harmonieuse&nbsp;<\/p>\n\n\n\n<p>\u2022 <strong>Adoucit et maintient une bonne \u00e9lasticit\u00e9 de la peau. Une technique japonaise re-pulpante.<\/strong><\/p>\n\n\n\n<p>Ce rituel de beaut\u00e9 agit comme une v\u00e9ritable cure kobido : il redonne <strong>\u00e9clat, teint lumineux et volume au visage <\/strong>tout <strong>en retardant les signes du vieillissement cutan\u00e9, de fa\u00e7on totalement naturelle.&nbsp;<\/strong><\/p>\n\n\n\n<p>Outre ses bienfaits esth\u00e9tiques \u00e9vidents, le massage kobido a \u00e9galement des effets positifs sur l\u2019\u00e9quilibre&nbsp; \u00e9nerg\u00e9tique du corps. En travaillant sur certains points sp\u00e9cifiques du visage li\u00e9s aux m\u00e9ridiens&nbsp; \u00e9nerg\u00e9tiques traditionnels chinois (connus sous le nom de \u00ab lignes tsubo \u00bb), cette pratique contribue \u00e0&nbsp; harmoniser l\u2019\u00e9nergie vitale (le Qi) dans tout le corps.&nbsp;<\/p>\n\n\n\n<h3 class=\"wp-block-heading\"><strong>D\u00e9roulement d\u2019une s\u00e9ance de massage kobido avant-apr\u00e8s <\/strong><\/h3>\n\n\n\n<p><strong>Une s\u00e9ance se d\u00e9roule en plusieurs \u00e9tapes soigneusement orchestr\u00e9es :&nbsp;<\/strong><\/p>\n\n\n\n<p><strong>1. Pr\u00e9paration de la peau&nbsp;<\/strong><\/p>\n\n\n\n<p>Je commence par un d\u00e9maquillage et un nettoyage minutieux afin de pr\u00e9parer votre peau \u00e0 recevoir les&nbsp; bienfaits du rituel de beaut\u00e9.&nbsp;<\/p>\n\n\n\n<p>2. <strong>Pendant la s\u00e9ance, <\/strong>vous ressentirez :&nbsp;<\/p>\n\n\n\n<p>\u2022 D\u00e9tente musculaire : les mouvements doux et rythm\u00e9s aident \u00e0 d\u00e9tendre les muscles faciaux.&nbsp;<\/p>\n\n\n\n<p>\u2022 Stimulation de la circulation : le massage am\u00e9liore la circulation sanguine, apportant plus&nbsp; d\u2019oxyg\u00e8ne et de nutriments \u00e0 la peau.&nbsp;<\/p>\n\n\n\n<p>\u2022 Drainage lymphatique : le drainage aide \u00e0 \u00e9liminer les toxines, <strong>r\u00e9duisant ainsi les gonflements&nbsp; et les cernes.&nbsp;<\/strong><\/p>\n\n\n\n<p>3. <strong>Repos en fin de massage : <\/strong>. je vous laisserai un moment pour reprendre vos esprits en&nbsp; douceur :une fois le massage termin\u00e9, pr\u00e9voir 15 minutes de plus afin de vivre pleinement ce moment&nbsp; de d\u00e9contraction comme une p\u00e9riode de ressourcement \u00e0 la vie.&nbsp;<\/p>\n\n\n\n<p><strong>Les effets avant\/apr\u00e8s sont visibles imm\u00e9diatement apr\u00e8s la s\u00e9ance, et deviennent encore plus&nbsp; apparents avec des traitements r\u00e9guliers.&nbsp;&nbsp;<\/strong><\/p>\n\n\n\n<p><strong>Voici ce que vous pouvez attendre :<\/strong><\/p>\n\n\n\n<p>\u2022 Eclat visiblement rehauss\u00e9 : la peau appara\u00eet plus lumineuse et fra\u00eeche, vos traits sont plus&nbsp; repos\u00e9s.&nbsp;<\/p>\n\n\n\n<p>\u2022 R\u00e9duction des rides et ridules : les lignes fines sont att\u00e9nu\u00e9es gr\u00e2ce \u00e0 la stimulation de la&nbsp; production de collag\u00e8ne.&nbsp;<\/p>\n\n\n\n<p>\u2022 Tonus et fermet\u00e9 : la peau est plus ferme et tonique, avec une am\u00e9lioration de l\u2019\u00e9lasticit\u00e9.&nbsp;<\/p>\n\n\n\n<h3 class=\"wp-block-heading\"><strong>Contre-Indications du massage kobido&nbsp;<\/strong><\/h3>\n\n\n\n<p>Si le kobido est un massage doux, certaines situations n\u00e9cessitent prudence, voire un report de la s\u00e9ance :<\/p>\n\n\n\n<p>\u2022 Injection r\u00e9cente (dans les 72H) : botox, acide hyaluronique ou fils tenseurs.&nbsp;<\/p>\n\n\n\n<p>\u2022 Probl\u00e8mes dermatologiques : acn\u00e9 inflammatoire ou blessures non cicatris\u00e9es. <\/p>\n\n\n\n<p>\u2022 Conditions m\u00e9dicales graves : troubles cardiaques, cancer.&nbsp;<\/p>\n\n\n\n<p>\u2022 Interventions dentaires r\u00e9centes : \u00e9viter une pression sur les tissus sensibles. Dans ce cas consultez toujours un professionnel avant de r\u00e9server.&nbsp;<\/p>\n\n\n\n<p>Que vous cherchiez \u00e0 r\u00e9duire les signes de l\u2019\u00e2ge, \u00e0 am\u00e9liorer l\u2019\u00e9clat de votre peau ou simplement \u00e0 vous&nbsp; d\u00e9tendre, le kobido est une option merveilleuse \u00e0 consid\u00e9rer.&nbsp;<\/p>\n\n\n\n<p>Le massage kobido est une invitation \u00e0 revisiter la beaut\u00e9 en profondeur, gr\u00e2ce \u00e0 un rituel rigoureux et des r\u00e9sultats prouv\u00e9s.<\/p>\n\n\n\n<p><\/p>\n","protected":false},"excerpt":{"rendered":"<p>Un listing naturel et un rituel de beaut\u00e9 ancestral japonaisdans le respect du corps. Vous avez un \u00e9v\u00e9nement, une soir\u00e9e ou un d\u00e9part en vacances et vous&nbsp; souhaitez donner un coup d\u2019\u00e9clat et de jeunesse \u00e0 votre visage juste avant de vous y rendre ? Une&nbsp; s\u00e9ance de massage kobido quelques heures avant ou la [&hellip;]<\/p>\n","protected":false},"author":1,"featured_media":0,"parent":0,"menu_order":0,"comment_status":"closed","ping_status":"closed","template":"","meta":{"inline_featured_image":false,"footnotes":""},"class_list":["post-505","page","type-page","status-publish","hentry"],"yoast_head":"<!-- This site is optimized with the Yoast SEO plugin v25.5 - https:\/\/yoast.com\/wordpress\/plugins\/seo\/ -->\n<title>Kobido - \u00d4 refuge bien \u00eatre<\/title>\n<meta name=\"robots\" content=\"index, follow, max-snippet:-1, max-image-preview:large, max-video-preview:-1\" \/>\n<link rel=\"canonical\" href=\"https:\/\/orefugebienetre.fr\/index.php\/kobido\/\" \/>\n<meta property=\"og:locale\" content=\"fr_FR\" \/>\n<meta property=\"og:type\" content=\"article\" \/>\n<meta property=\"og:title\" content=\"Kobido - \u00d4 refuge bien \u00eatre\" \/>\n<meta property=\"og:description\" content=\"Un listing naturel et un rituel de beaut\u00e9 ancestral japonaisdans le respect du corps. Vous avez un \u00e9v\u00e9nement, une soir\u00e9e ou un d\u00e9part en vacances et vous&nbsp; souhaitez donner un coup d\u2019\u00e9clat et de jeunesse \u00e0 votre visage juste avant de vous y rendre ? Une&nbsp; s\u00e9ance de massage kobido quelques heures avant ou la [&hellip;]\" \/>\n<meta property=\"og:url\" content=\"https:\/\/orefugebienetre.fr\/index.php\/kobido\/\" \/>\n<meta property=\"og:site_name\" content=\"\u00d4 refuge bien \u00eatre\" \/>\n<meta property=\"article:publisher\" content=\"https:\/\/www.facebook.com\/people\/Hlne-Illys\/pfbid025qQGgmMxFcpgVs2mo8tz3snCTwoNLzvR2jmKvJQk6qnYKJ9VXFJkGSuypazHhVjtl\/\" \/>\n<meta property=\"article:modified_time\" content=\"2025-09-08T18:24:56+00:00\" \/>\n<meta property=\"og:image\" content=\"https:\/\/orefugebienetre.fr\/wp-content\/uploads\/2025\/09\/Copie-de-Photos-massages.png\" \/>\n\t<meta property=\"og:image:width\" content=\"1333\" \/>\n\t<meta property=\"og:image:height\" content=\"2000\" \/>\n\t<meta property=\"og:image:type\" content=\"image\/png\" \/>\n<meta name=\"twitter:card\" content=\"summary_large_image\" \/>\n<meta name=\"twitter:label1\" content=\"Dur\u00e9e de lecture estim\u00e9e\" \/>\n\t<meta name=\"twitter:data1\" content=\"6 minutes\" \/>\n<script type=\"application\/ld+json\" class=\"yoast-schema-graph\">{\"@context\":\"https:\/\/schema.org\",\"@graph\":[{\"@type\":\"WebPage\",\"@id\":\"https:\/\/orefugebienetre.fr\/index.php\/kobido\/\",\"url\":\"https:\/\/orefugebienetre.fr\/index.php\/kobido\/\",\"name\":\"Kobido - \u00d4 refuge bien \u00eatre\",\"isPartOf\":{\"@id\":\"https:\/\/orefugebienetre.fr\/#website\"},\"primaryImageOfPage\":{\"@id\":\"https:\/\/orefugebienetre.fr\/index.php\/kobido\/#primaryimage\"},\"image\":{\"@id\":\"https:\/\/orefugebienetre.fr\/index.php\/kobido\/#primaryimage\"},\"thumbnailUrl\":\"https:\/\/orefugebienetre.fr\/wp-content\/uploads\/2025\/09\/Copie-de-Photos-massages.png\",\"datePublished\":\"2025-04-21T22:40:00+00:00\",\"dateModified\":\"2025-09-08T18:24:56+00:00\",\"breadcrumb\":{\"@id\":\"https:\/\/orefugebienetre.fr\/index.php\/kobido\/#breadcrumb\"},\"inLanguage\":\"fr-FR\",\"potentialAction\":[{\"@type\":\"ReadAction\",\"target\":[\"https:\/\/orefugebienetre.fr\/index.php\/kobido\/\"]}]},{\"@type\":\"ImageObject\",\"inLanguage\":\"fr-FR\",\"@id\":\"https:\/\/orefugebienetre.fr\/index.php\/kobido\/#primaryimage\",\"url\":\"https:\/\/orefugebienetre.fr\/wp-content\/uploads\/2025\/09\/Copie-de-Photos-massages.png\",\"contentUrl\":\"https:\/\/orefugebienetre.fr\/wp-content\/uploads\/2025\/09\/Copie-de-Photos-massages.png\",\"width\":1333,\"height\":2000},{\"@type\":\"BreadcrumbList\",\"@id\":\"https:\/\/orefugebienetre.fr\/index.php\/kobido\/#breadcrumb\",\"itemListElement\":[{\"@type\":\"ListItem\",\"position\":1,\"name\":\"Accueil\",\"item\":\"https:\/\/orefugebienetre.fr\/\"},{\"@type\":\"ListItem\",\"position\":2,\"name\":\"Kobido\"}]},{\"@type\":\"WebSite\",\"@id\":\"https:\/\/orefugebienetre.fr\/#website\",\"url\":\"https:\/\/orefugebienetre.fr\/\",\"name\":\"\u00d4 refuge bien \u00eatre\",\"description\":\"\u00d4 refuge bien \u00eatre\",\"publisher\":{\"@id\":\"https:\/\/orefugebienetre.fr\/#organization\"},\"potentialAction\":[{\"@type\":\"SearchAction\",\"target\":{\"@type\":\"EntryPoint\",\"urlTemplate\":\"https:\/\/orefugebienetre.fr\/?s={search_term_string}\"},\"query-input\":{\"@type\":\"PropertyValueSpecification\",\"valueRequired\":true,\"valueName\":\"search_term_string\"}}],\"inLanguage\":\"fr-FR\"},{\"@type\":\"Organization\",\"@id\":\"https:\/\/orefugebienetre.fr\/#organization\",\"name\":\"\u00d4 refuge bien \u00eatre\",\"url\":\"https:\/\/orefugebienetre.fr\/\",\"logo\":{\"@type\":\"ImageObject\",\"inLanguage\":\"fr-FR\",\"@id\":\"https:\/\/orefugebienetre.fr\/#\/schema\/logo\/image\/\",\"url\":\"https:\/\/orefugebienetre.fr\/wp-content\/uploads\/2025\/04\/O-refuge-bien-etre-2.svg\",\"contentUrl\":\"https:\/\/orefugebienetre.fr\/wp-content\/uploads\/2025\/04\/O-refuge-bien-etre-2.svg\",\"width\":940,\"height\":788,\"caption\":\"\u00d4 refuge bien \u00eatre\"},\"image\":{\"@id\":\"https:\/\/orefugebienetre.fr\/#\/schema\/logo\/image\/\"},\"sameAs\":[\"https:\/\/www.facebook.com\/people\/Hlne-Illys\/pfbid025qQGgmMxFcpgVs2mo8tz3snCTwoNLzvR2jmKvJQk6qnYKJ9VXFJkGSuypazHhVjtl\/\",\"https:\/\/www.instagram.com\/orefugebienetre_angers\/#\",\"https:\/\/www.linkedin.com\/in\/hlne-illyes-122a329\/\"]}]}<\/script>\n<!-- \/ Yoast SEO plugin. -->","yoast_head_json":{"title":"Kobido - \u00d4 refuge bien \u00eatre","robots":{"index":"index","follow":"follow","max-snippet":"max-snippet:-1","max-image-preview":"max-image-preview:large","max-video-preview":"max-video-preview:-1"},"canonical":"https:\/\/orefugebienetre.fr\/index.php\/kobido\/","og_locale":"fr_FR","og_type":"article","og_title":"Kobido - \u00d4 refuge bien \u00eatre","og_description":"Un listing naturel et un rituel de beaut\u00e9 ancestral japonaisdans le respect du corps. Vous avez un \u00e9v\u00e9nement, une soir\u00e9e ou un d\u00e9part en vacances et vous&nbsp; souhaitez donner un coup d\u2019\u00e9clat et de jeunesse \u00e0 votre visage juste avant de vous y rendre ? Une&nbsp; s\u00e9ance de massage kobido quelques heures avant ou la [&hellip;]","og_url":"https:\/\/orefugebienetre.fr\/index.php\/kobido\/","og_site_name":"\u00d4 refuge bien \u00eatre","article_publisher":"https:\/\/www.facebook.com\/people\/Hlne-Illys\/pfbid025qQGgmMxFcpgVs2mo8tz3snCTwoNLzvR2jmKvJQk6qnYKJ9VXFJkGSuypazHhVjtl\/","article_modified_time":"2025-09-08T18:24:56+00:00","og_image":[{"width":1333,"height":2000,"url":"https:\/\/orefugebienetre.fr\/wp-content\/uploads\/2025\/09\/Copie-de-Photos-massages.png","type":"image\/png"}],"twitter_card":"summary_large_image","twitter_misc":{"Dur\u00e9e de lecture estim\u00e9e":"6 minutes"},"schema":{"@context":"https:\/\/schema.org","@graph":[{"@type":"WebPage","@id":"https:\/\/orefugebienetre.fr\/index.php\/kobido\/","url":"https:\/\/orefugebienetre.fr\/index.php\/kobido\/","name":"Kobido - \u00d4 refuge bien \u00eatre","isPartOf":{"@id":"https:\/\/orefugebienetre.fr\/#website"},"primaryImageOfPage":{"@id":"https:\/\/orefugebienetre.fr\/index.php\/kobido\/#primaryimage"},"image":{"@id":"https:\/\/orefugebienetre.fr\/index.php\/kobido\/#primaryimage"},"thumbnailUrl":"https:\/\/orefugebienetre.fr\/wp-content\/uploads\/2025\/09\/Copie-de-Photos-massages.png","datePublished":"2025-04-21T22:40:00+00:00","dateModified":"2025-09-08T18:24:56+00:00","breadcrumb":{"@id":"https:\/\/orefugebienetre.fr\/index.php\/kobido\/#breadcrumb"},"inLanguage":"fr-FR","potentialAction":[{"@type":"ReadAction","target":["https:\/\/orefugebienetre.fr\/index.php\/kobido\/"]}]},{"@type":"ImageObject","inLanguage":"fr-FR","@id":"https:\/\/orefugebienetre.fr\/index.php\/kobido\/#primaryimage","url":"https:\/\/orefugebienetre.fr\/wp-content\/uploads\/2025\/09\/Copie-de-Photos-massages.png","contentUrl":"https:\/\/orefugebienetre.fr\/wp-content\/uploads\/2025\/09\/Copie-de-Photos-massages.png","width":1333,"height":2000},{"@type":"BreadcrumbList","@id":"https:\/\/orefugebienetre.fr\/index.php\/kobido\/#breadcrumb","itemListElement":[{"@type":"ListItem","position":1,"name":"Accueil","item":"https:\/\/orefugebienetre.fr\/"},{"@type":"ListItem","position":2,"name":"Kobido"}]},{"@type":"WebSite","@id":"https:\/\/orefugebienetre.fr\/#website","url":"https:\/\/orefugebienetre.fr\/","name":"\u00d4 refuge bien \u00eatre","description":"\u00d4 refuge bien \u00eatre","publisher":{"@id":"https:\/\/orefugebienetre.fr\/#organization"},"potentialAction":[{"@type":"SearchAction","target":{"@type":"EntryPoint","urlTemplate":"https:\/\/orefugebienetre.fr\/?s={search_term_string}"},"query-input":{"@type":"PropertyValueSpecification","valueRequired":true,"valueName":"search_term_string"}}],"inLanguage":"fr-FR"},{"@type":"Organization","@id":"https:\/\/orefugebienetre.fr\/#organization","name":"\u00d4 refuge bien \u00eatre","url":"https:\/\/orefugebienetre.fr\/","logo":{"@type":"ImageObject","inLanguage":"fr-FR","@id":"https:\/\/orefugebienetre.fr\/#\/schema\/logo\/image\/","url":"https:\/\/orefugebienetre.fr\/wp-content\/uploads\/2025\/04\/O-refuge-bien-etre-2.svg","contentUrl":"https:\/\/orefugebienetre.fr\/wp-content\/uploads\/2025\/04\/O-refuge-bien-etre-2.svg","width":940,"height":788,"caption":"\u00d4 refuge bien \u00eatre"},"image":{"@id":"https:\/\/orefugebienetre.fr\/#\/schema\/logo\/image\/"},"sameAs":["https:\/\/www.facebook.com\/people\/Hlne-Illys\/pfbid025qQGgmMxFcpgVs2mo8tz3snCTwoNLzvR2jmKvJQk6qnYKJ9VXFJkGSuypazHhVjtl\/","https:\/\/www.instagram.com\/orefugebienetre_angers\/#","https:\/\/www.linkedin.com\/in\/hlne-illyes-122a329\/"]}]}},"_links":{"self":[{"href":"https:\/\/orefugebienetre.fr\/index.php\/wp-json\/wp\/v2\/pages\/505","targetHints":{"allow":["GET"]}}],"collection":[{"href":"https:\/\/orefugebienetre.fr\/index.php\/wp-json\/wp\/v2\/pages"}],"about":[{"href":"https:\/\/orefugebienetre.fr\/index.php\/wp-json\/wp\/v2\/types\/page"}],"author":[{"embeddable":true,"href":"https:\/\/orefugebienetre.fr\/index.php\/wp-json\/wp\/v2\/users\/1"}],"replies":[{"embeddable":true,"href":"https:\/\/orefugebienetre.fr\/index.php\/wp-json\/wp\/v2\/comments?post=505"}],"version-history":[{"count":14,"href":"https:\/\/orefugebienetre.fr\/index.php\/wp-json\/wp\/v2\/pages\/505\/revisions"}],"predecessor-version":[{"id":1086,"href":"https:\/\/orefugebienetre.fr\/index.php\/wp-json\/wp\/v2\/pages\/505\/revisions\/1086"}],"wp:attachment":[{"href":"https:\/\/orefugebienetre.fr\/index.php\/wp-json\/wp\/v2\/media?parent=505"}],"curies":[{"name":"wp","href":"https:\/\/api.w.org\/{rel}","templated":true}]}}