{"id":519,"date":"2025-04-22T21:02:38","date_gmt":"2025-04-22T19:02:38","guid":{"rendered":"https:\/\/orefugebienetre.fr\/?page_id=519"},"modified":"2025-09-08T20:27:41","modified_gmt":"2025-09-08T18:27:41","slug":"shiatsu-acupression","status":"publish","type":"page","link":"https:\/\/orefugebienetre.fr\/index.php\/shiatsu-acupression\/","title":{"rendered":"Shiatsu acupression"},"content":{"rendered":"\n<h3 class=\"wp-block-heading has-text-align-center\">Un \u00e9quilibre \u00e9nerg\u00e9tique par des pressions pr\u00e9cises japonaises.<br><\/h3>\n\n\n<div class=\"wp-block-image\">\n<figure class=\"aligncenter size-large is-resized\"><img fetchpriority=\"high\" decoding=\"async\" width=\"682\" height=\"1024\" src=\"https:\/\/orefugebienetre.fr\/wp-content\/uploads\/2025\/09\/Copie-de-Photos-massages-1-682x1024.png\" alt=\"\" class=\"wp-image-1088\" style=\"width:500px\" srcset=\"https:\/\/orefugebienetre.fr\/wp-content\/uploads\/2025\/09\/Copie-de-Photos-massages-1-682x1024.png 682w, https:\/\/orefugebienetre.fr\/wp-content\/uploads\/2025\/09\/Copie-de-Photos-massages-1-200x300.png 200w, https:\/\/orefugebienetre.fr\/wp-content\/uploads\/2025\/09\/Copie-de-Photos-massages-1-100x150.png 100w, https:\/\/orefugebienetre.fr\/wp-content\/uploads\/2025\/09\/Copie-de-Photos-massages-1-768x1152.png 768w, https:\/\/orefugebienetre.fr\/wp-content\/uploads\/2025\/09\/Copie-de-Photos-massages-1-1024x1536.png 1024w, https:\/\/orefugebienetre.fr\/wp-content\/uploads\/2025\/09\/Copie-de-Photos-massages-1.png 1333w\" sizes=\"(max-width: 682px) 100vw, 682px\" \/><\/figure>\n<\/div>\n\n\n<p><\/p>\n\n\n<div class=\"wp-block-image\">\n<figure class=\"aligncenter size-large is-resized\"><img decoding=\"async\" width=\"1024\" height=\"726\" src=\"https:\/\/orefugebienetre.fr\/wp-content\/uploads\/2025\/09\/4-1024x726.png\" alt=\"\" class=\"wp-image-1071\" style=\"width:500px\" srcset=\"https:\/\/orefugebienetre.fr\/wp-content\/uploads\/2025\/09\/4-1024x726.png 1024w, https:\/\/orefugebienetre.fr\/wp-content\/uploads\/2025\/09\/4-300x213.png 300w, https:\/\/orefugebienetre.fr\/wp-content\/uploads\/2025\/09\/4-150x106.png 150w, https:\/\/orefugebienetre.fr\/wp-content\/uploads\/2025\/09\/4-768x545.png 768w, https:\/\/orefugebienetre.fr\/wp-content\/uploads\/2025\/09\/4-1536x1090.png 1536w, https:\/\/orefugebienetre.fr\/wp-content\/uploads\/2025\/09\/4.png 1748w\" sizes=\"(max-width: 1024px) 100vw, 1024px\" \/><\/figure>\n<\/div>\n\n\n<div style=\"height:50px\" aria-hidden=\"true\" class=\"wp-block-spacer\"><\/div>\n\n\n\n<p><\/p>\n\n\n\n<div class=\"wp-block-buttons is-content-justification-center is-layout-flex wp-container-core-buttons-is-layout-16018d1d wp-block-buttons-is-layout-flex\">\n<div class=\"wp-block-button\"><a class=\"wp-block-button__link wp-element-button\" href=\"https:\/\/orefugebienetre.fr\/index.php\/contact\/\">Prendre RDV &gt;<\/a><\/div>\n<\/div>\n\n\n\n<div style=\"height:50px\" aria-hidden=\"true\" class=\"wp-block-spacer\"><\/div>\n\n\n\n<p><\/p>\n\n\n\n<h3 class=\"wp-block-heading\"><strong>Qu\u2019est-ce que le shiatsu Acupression ?<\/strong><\/h3>\n\n\n\n<p>Le shiatsu est une pratique japonaise ancestrale bas\u00e9e sur des pressions manuelles exerc\u00e9es avec les doigts et les paumes sur des points pr\u00e9cis et des zones parfois tendues, le long des m\u00e9ridiens \u00e9nerg\u00e9tiques. Elle vise \u00e0 r\u00e9tablir un <strong>meilleur alignement \u00e9nerg\u00e9tique du corps<\/strong> (\u00e9nergie vitale \u00ab\u00a0ki\u00a0\u00bb) pour am\u00e9liorer le bien-\u00eatre g\u00e9n\u00e9ral. C\u2019est une pratique qui prend en compte la personne dans sa globalit\u00e9, \u00e0 la fois l\u2019anatomie, le mental et les \u00e9motions.<\/p>\n\n\n\n<p><strong>Origine du shiatsu<\/strong><\/p>\n\n\n\n<p>Issu de la m\u00e9decine traditionnelle japonaise et influenc\u00e9 par la m\u00e9decine chinoise, le shiatsu est n\u00e9 au XXe si\u00e8cle. Son nom signifie \u00ab\u00a0pression des doigts\u00a0\u00bb en japonais. Il repose sur une approche holistique du corps et de l&rsquo;esprit.<\/p>\n\n\n\n<h3 class=\"wp-block-heading\"><strong>Les bienfaits du shiatsu<\/strong><\/h3>\n\n\n\n<ul class=\"wp-block-list\">\n<li>Soutient le syst\u00e8me immunitaire, la vitalit\u00e9, l\u2019\u00e9nergie g\u00e9n\u00e9rale<\/li>\n\n\n\n<li>Apaise le stress et les tensions nerveuses qui sont parfois responsables de douleurs dorsales<\/li>\n\n\n\n<li>Am\u00e9liore le sommeil et la digestion<\/li>\n\n\n\n<li>Stimule la circulation sanguine et lymphatique<\/li>\n\n\n\n<li>Elimine les toxines<\/li>\n\n\n\n<li>R\u00e9duit les douleurs chroniques, articulaires et musculaires<\/li>\n\n\n\n<li><\/li>\n<\/ul>\n\n\n\n<h3 class=\"wp-block-heading\"><strong>D\u00e9roulement d\u2019une s\u00e9ance de shiatsu<\/strong><\/h3>\n\n\n\n<ol class=\"wp-block-list\">\n<li><strong>Echange initial :<\/strong>&nbsp;je prendrais le temps de discuter de vos besoins sp\u00e9cifiques, de vos \u00e9ventuelles pr\u00e9occupations et de vos attentes.&nbsp;<\/li>\n\n\n\n<li><strong>Pendant la s\u00e9ance :<\/strong>&nbsp;vous serez invit\u00e9(e) \u00e0 vous allonger sur la table de massage. Les techniques consistent \u00e0 appliquer des pressions avec les pouces, les doigts, les paumes sur tout le corps \u00e0 m\u00eame la peau (avec ou sans huile), ou sur les habits selon le trajet bien pr\u00e9cis des M\u00e9ridiens, les cha\u00eenes musculaires et les principaux points d\u2019acupuncture.&nbsp;<\/li>\n\n\n\n<li><strong>Repos en fin de massage&nbsp;: <\/strong>. je vous laisserai un moment pour reprendre vos esprits en douceur&nbsp;:une fois le massage termin\u00e9, pr\u00e9voir 15 minutes de plus afin de vivre pleinement ce moment de d\u00e9contraction comme une p\u00e9riode de ressourcement \u00e0 la vie.<\/li>\n<\/ol>\n\n\n\n<h3 class=\"wp-block-heading\"><strong>Contre-Indications du shiatsu<\/strong><\/h3>\n\n\n\n<p>Le shiatsu peut \u00eatre d\u00e9conseill\u00e9 dans certains cas :<\/p>\n\n\n\n<ul class=\"wp-block-list\">\n<li>Pathologies graves (ex. cancer avanc\u00e9 ou maladies infectieuses aigu\u00ebs).<\/li>\n\n\n\n<li>Fractures ou blessures r\u00e9centes.<\/li>\n\n\n\n<li>Grossesse \u00e0 risque. Il est conseill\u00e9 de consulter un m\u00e9decin avant toute s\u00e9ance si vous avez des doutes.<\/li>\n<\/ul>\n\n\n\n<p><\/p>\n","protected":false},"excerpt":{"rendered":"<p>Un \u00e9quilibre \u00e9nerg\u00e9tique par des pressions pr\u00e9cises japonaises. Qu\u2019est-ce que le shiatsu Acupression ? Le shiatsu est une pratique japonaise ancestrale bas\u00e9e sur des pressions manuelles exerc\u00e9es avec les doigts et les paumes sur des points pr\u00e9cis et des zones parfois tendues, le long des m\u00e9ridiens \u00e9nerg\u00e9tiques. Elle vise \u00e0 r\u00e9tablir un meilleur alignement \u00e9nerg\u00e9tique [&hellip;]<\/p>\n","protected":false},"author":1,"featured_media":0,"parent":0,"menu_order":0,"comment_status":"closed","ping_status":"closed","template":"","meta":{"inline_featured_image":false,"footnotes":""},"class_list":["post-519","page","type-page","status-publish","hentry"],"yoast_head":"<!-- This site is optimized with the Yoast SEO plugin v25.5 - https:\/\/yoast.com\/wordpress\/plugins\/seo\/ -->\n<title>Shiatsu acupression - \u00d4 refuge bien \u00eatre<\/title>\n<meta name=\"robots\" content=\"index, follow, max-snippet:-1, max-image-preview:large, max-video-preview:-1\" \/>\n<link rel=\"canonical\" href=\"https:\/\/orefugebienetre.fr\/index.php\/shiatsu-acupression\/\" \/>\n<meta property=\"og:locale\" content=\"fr_FR\" \/>\n<meta property=\"og:type\" content=\"article\" \/>\n<meta property=\"og:title\" content=\"Shiatsu acupression - \u00d4 refuge bien \u00eatre\" \/>\n<meta property=\"og:description\" content=\"Un \u00e9quilibre \u00e9nerg\u00e9tique par des pressions pr\u00e9cises japonaises. Qu\u2019est-ce que le shiatsu Acupression ? Le shiatsu est une pratique japonaise ancestrale bas\u00e9e sur des pressions manuelles exerc\u00e9es avec les doigts et les paumes sur des points pr\u00e9cis et des zones parfois tendues, le long des m\u00e9ridiens \u00e9nerg\u00e9tiques. Elle vise \u00e0 r\u00e9tablir un meilleur alignement \u00e9nerg\u00e9tique [&hellip;]\" \/>\n<meta property=\"og:url\" content=\"https:\/\/orefugebienetre.fr\/index.php\/shiatsu-acupression\/\" \/>\n<meta property=\"og:site_name\" content=\"\u00d4 refuge bien \u00eatre\" \/>\n<meta property=\"article:publisher\" content=\"https:\/\/www.facebook.com\/people\/Hlne-Illys\/pfbid025qQGgmMxFcpgVs2mo8tz3snCTwoNLzvR2jmKvJQk6qnYKJ9VXFJkGSuypazHhVjtl\/\" \/>\n<meta property=\"article:modified_time\" content=\"2025-09-08T18:27:41+00:00\" \/>\n<meta property=\"og:image\" content=\"https:\/\/orefugebienetre.fr\/wp-content\/uploads\/2025\/09\/Copie-de-Photos-massages-1.png\" \/>\n\t<meta property=\"og:image:width\" content=\"1333\" \/>\n\t<meta property=\"og:image:height\" content=\"2000\" \/>\n\t<meta property=\"og:image:type\" content=\"image\/png\" \/>\n<meta name=\"twitter:card\" content=\"summary_large_image\" \/>\n<meta name=\"twitter:label1\" content=\"Dur\u00e9e de lecture estim\u00e9e\" \/>\n\t<meta name=\"twitter:data1\" content=\"3 minutes\" \/>\n<script type=\"application\/ld+json\" class=\"yoast-schema-graph\">{\"@context\":\"https:\/\/schema.org\",\"@graph\":[{\"@type\":\"WebPage\",\"@id\":\"https:\/\/orefugebienetre.fr\/index.php\/shiatsu-acupression\/\",\"url\":\"https:\/\/orefugebienetre.fr\/index.php\/shiatsu-acupression\/\",\"name\":\"Shiatsu acupression - \u00d4 refuge bien \u00eatre\",\"isPartOf\":{\"@id\":\"https:\/\/orefugebienetre.fr\/#website\"},\"primaryImageOfPage\":{\"@id\":\"https:\/\/orefugebienetre.fr\/index.php\/shiatsu-acupression\/#primaryimage\"},\"image\":{\"@id\":\"https:\/\/orefugebienetre.fr\/index.php\/shiatsu-acupression\/#primaryimage\"},\"thumbnailUrl\":\"https:\/\/orefugebienetre.fr\/wp-content\/uploads\/2025\/09\/Copie-de-Photos-massages-1-682x1024.png\",\"datePublished\":\"2025-04-22T19:02:38+00:00\",\"dateModified\":\"2025-09-08T18:27:41+00:00\",\"breadcrumb\":{\"@id\":\"https:\/\/orefugebienetre.fr\/index.php\/shiatsu-acupression\/#breadcrumb\"},\"inLanguage\":\"fr-FR\",\"potentialAction\":[{\"@type\":\"ReadAction\",\"target\":[\"https:\/\/orefugebienetre.fr\/index.php\/shiatsu-acupression\/\"]}]},{\"@type\":\"ImageObject\",\"inLanguage\":\"fr-FR\",\"@id\":\"https:\/\/orefugebienetre.fr\/index.php\/shiatsu-acupression\/#primaryimage\",\"url\":\"https:\/\/orefugebienetre.fr\/wp-content\/uploads\/2025\/09\/Copie-de-Photos-massages-1.png\",\"contentUrl\":\"https:\/\/orefugebienetre.fr\/wp-content\/uploads\/2025\/09\/Copie-de-Photos-massages-1.png\",\"width\":1333,\"height\":2000},{\"@type\":\"BreadcrumbList\",\"@id\":\"https:\/\/orefugebienetre.fr\/index.php\/shiatsu-acupression\/#breadcrumb\",\"itemListElement\":[{\"@type\":\"ListItem\",\"position\":1,\"name\":\"Accueil\",\"item\":\"https:\/\/orefugebienetre.fr\/\"},{\"@type\":\"ListItem\",\"position\":2,\"name\":\"Shiatsu acupression\"}]},{\"@type\":\"WebSite\",\"@id\":\"https:\/\/orefugebienetre.fr\/#website\",\"url\":\"https:\/\/orefugebienetre.fr\/\",\"name\":\"\u00d4 refuge bien \u00eatre\",\"description\":\"\u00d4 refuge bien \u00eatre\",\"publisher\":{\"@id\":\"https:\/\/orefugebienetre.fr\/#organization\"},\"potentialAction\":[{\"@type\":\"SearchAction\",\"target\":{\"@type\":\"EntryPoint\",\"urlTemplate\":\"https:\/\/orefugebienetre.fr\/?s={search_term_string}\"},\"query-input\":{\"@type\":\"PropertyValueSpecification\",\"valueRequired\":true,\"valueName\":\"search_term_string\"}}],\"inLanguage\":\"fr-FR\"},{\"@type\":\"Organization\",\"@id\":\"https:\/\/orefugebienetre.fr\/#organization\",\"name\":\"\u00d4 refuge bien \u00eatre\",\"url\":\"https:\/\/orefugebienetre.fr\/\",\"logo\":{\"@type\":\"ImageObject\",\"inLanguage\":\"fr-FR\",\"@id\":\"https:\/\/orefugebienetre.fr\/#\/schema\/logo\/image\/\",\"url\":\"https:\/\/orefugebienetre.fr\/wp-content\/uploads\/2025\/04\/O-refuge-bien-etre-2.svg\",\"contentUrl\":\"https:\/\/orefugebienetre.fr\/wp-content\/uploads\/2025\/04\/O-refuge-bien-etre-2.svg\",\"width\":940,\"height\":788,\"caption\":\"\u00d4 refuge bien \u00eatre\"},\"image\":{\"@id\":\"https:\/\/orefugebienetre.fr\/#\/schema\/logo\/image\/\"},\"sameAs\":[\"https:\/\/www.facebook.com\/people\/Hlne-Illys\/pfbid025qQGgmMxFcpgVs2mo8tz3snCTwoNLzvR2jmKvJQk6qnYKJ9VXFJkGSuypazHhVjtl\/\",\"https:\/\/www.instagram.com\/orefugebienetre_angers\/#\",\"https:\/\/www.linkedin.com\/in\/hlne-illyes-122a329\/\"]}]}<\/script>\n<!-- \/ Yoast SEO plugin. -->","yoast_head_json":{"title":"Shiatsu acupression - \u00d4 refuge bien \u00eatre","robots":{"index":"index","follow":"follow","max-snippet":"max-snippet:-1","max-image-preview":"max-image-preview:large","max-video-preview":"max-video-preview:-1"},"canonical":"https:\/\/orefugebienetre.fr\/index.php\/shiatsu-acupression\/","og_locale":"fr_FR","og_type":"article","og_title":"Shiatsu acupression - \u00d4 refuge bien \u00eatre","og_description":"Un \u00e9quilibre \u00e9nerg\u00e9tique par des pressions pr\u00e9cises japonaises. Qu\u2019est-ce que le shiatsu Acupression ? Le shiatsu est une pratique japonaise ancestrale bas\u00e9e sur des pressions manuelles exerc\u00e9es avec les doigts et les paumes sur des points pr\u00e9cis et des zones parfois tendues, le long des m\u00e9ridiens \u00e9nerg\u00e9tiques. Elle vise \u00e0 r\u00e9tablir un meilleur alignement \u00e9nerg\u00e9tique [&hellip;]","og_url":"https:\/\/orefugebienetre.fr\/index.php\/shiatsu-acupression\/","og_site_name":"\u00d4 refuge bien \u00eatre","article_publisher":"https:\/\/www.facebook.com\/people\/Hlne-Illys\/pfbid025qQGgmMxFcpgVs2mo8tz3snCTwoNLzvR2jmKvJQk6qnYKJ9VXFJkGSuypazHhVjtl\/","article_modified_time":"2025-09-08T18:27:41+00:00","og_image":[{"width":1333,"height":2000,"url":"https:\/\/orefugebienetre.fr\/wp-content\/uploads\/2025\/09\/Copie-de-Photos-massages-1.png","type":"image\/png"}],"twitter_card":"summary_large_image","twitter_misc":{"Dur\u00e9e de lecture estim\u00e9e":"3 minutes"},"schema":{"@context":"https:\/\/schema.org","@graph":[{"@type":"WebPage","@id":"https:\/\/orefugebienetre.fr\/index.php\/shiatsu-acupression\/","url":"https:\/\/orefugebienetre.fr\/index.php\/shiatsu-acupression\/","name":"Shiatsu acupression - \u00d4 refuge bien \u00eatre","isPartOf":{"@id":"https:\/\/orefugebienetre.fr\/#website"},"primaryImageOfPage":{"@id":"https:\/\/orefugebienetre.fr\/index.php\/shiatsu-acupression\/#primaryimage"},"image":{"@id":"https:\/\/orefugebienetre.fr\/index.php\/shiatsu-acupression\/#primaryimage"},"thumbnailUrl":"https:\/\/orefugebienetre.fr\/wp-content\/uploads\/2025\/09\/Copie-de-Photos-massages-1-682x1024.png","datePublished":"2025-04-22T19:02:38+00:00","dateModified":"2025-09-08T18:27:41+00:00","breadcrumb":{"@id":"https:\/\/orefugebienetre.fr\/index.php\/shiatsu-acupression\/#breadcrumb"},"inLanguage":"fr-FR","potentialAction":[{"@type":"ReadAction","target":["https:\/\/orefugebienetre.fr\/index.php\/shiatsu-acupression\/"]}]},{"@type":"ImageObject","inLanguage":"fr-FR","@id":"https:\/\/orefugebienetre.fr\/index.php\/shiatsu-acupression\/#primaryimage","url":"https:\/\/orefugebienetre.fr\/wp-content\/uploads\/2025\/09\/Copie-de-Photos-massages-1.png","contentUrl":"https:\/\/orefugebienetre.fr\/wp-content\/uploads\/2025\/09\/Copie-de-Photos-massages-1.png","width":1333,"height":2000},{"@type":"BreadcrumbList","@id":"https:\/\/orefugebienetre.fr\/index.php\/shiatsu-acupression\/#breadcrumb","itemListElement":[{"@type":"ListItem","position":1,"name":"Accueil","item":"https:\/\/orefugebienetre.fr\/"},{"@type":"ListItem","position":2,"name":"Shiatsu acupression"}]},{"@type":"WebSite","@id":"https:\/\/orefugebienetre.fr\/#website","url":"https:\/\/orefugebienetre.fr\/","name":"\u00d4 refuge bien \u00eatre","description":"\u00d4 refuge bien \u00eatre","publisher":{"@id":"https:\/\/orefugebienetre.fr\/#organization"},"potentialAction":[{"@type":"SearchAction","target":{"@type":"EntryPoint","urlTemplate":"https:\/\/orefugebienetre.fr\/?s={search_term_string}"},"query-input":{"@type":"PropertyValueSpecification","valueRequired":true,"valueName":"search_term_string"}}],"inLanguage":"fr-FR"},{"@type":"Organization","@id":"https:\/\/orefugebienetre.fr\/#organization","name":"\u00d4 refuge bien \u00eatre","url":"https:\/\/orefugebienetre.fr\/","logo":{"@type":"ImageObject","inLanguage":"fr-FR","@id":"https:\/\/orefugebienetre.fr\/#\/schema\/logo\/image\/","url":"https:\/\/orefugebienetre.fr\/wp-content\/uploads\/2025\/04\/O-refuge-bien-etre-2.svg","contentUrl":"https:\/\/orefugebienetre.fr\/wp-content\/uploads\/2025\/04\/O-refuge-bien-etre-2.svg","width":940,"height":788,"caption":"\u00d4 refuge bien \u00eatre"},"image":{"@id":"https:\/\/orefugebienetre.fr\/#\/schema\/logo\/image\/"},"sameAs":["https:\/\/www.facebook.com\/people\/Hlne-Illys\/pfbid025qQGgmMxFcpgVs2mo8tz3snCTwoNLzvR2jmKvJQk6qnYKJ9VXFJkGSuypazHhVjtl\/","https:\/\/www.instagram.com\/orefugebienetre_angers\/#","https:\/\/www.linkedin.com\/in\/hlne-illyes-122a329\/"]}]}},"_links":{"self":[{"href":"https:\/\/orefugebienetre.fr\/index.php\/wp-json\/wp\/v2\/pages\/519","targetHints":{"allow":["GET"]}}],"collection":[{"href":"https:\/\/orefugebienetre.fr\/index.php\/wp-json\/wp\/v2\/pages"}],"about":[{"href":"https:\/\/orefugebienetre.fr\/index.php\/wp-json\/wp\/v2\/types\/page"}],"author":[{"embeddable":true,"href":"https:\/\/orefugebienetre.fr\/index.php\/wp-json\/wp\/v2\/users\/1"}],"replies":[{"embeddable":true,"href":"https:\/\/orefugebienetre.fr\/index.php\/wp-json\/wp\/v2\/comments?post=519"}],"version-history":[{"count":7,"href":"https:\/\/orefugebienetre.fr\/index.php\/wp-json\/wp\/v2\/pages\/519\/revisions"}],"predecessor-version":[{"id":1089,"href":"https:\/\/orefugebienetre.fr\/index.php\/wp-json\/wp\/v2\/pages\/519\/revisions\/1089"}],"wp:attachment":[{"href":"https:\/\/orefugebienetre.fr\/index.php\/wp-json\/wp\/v2\/media?parent=519"}],"curies":[{"name":"wp","href":"https:\/\/api.w.org\/{rel}","templated":true}]}}