{"id":525,"date":"2025-04-22T21:50:48","date_gmt":"2025-04-22T19:50:48","guid":{"rendered":"https:\/\/orefugebienetre.fr\/?page_id=525"},"modified":"2025-09-08T20:30:14","modified_gmt":"2025-09-08T18:30:14","slug":"reflexologie-plantaire","status":"publish","type":"page","link":"https:\/\/orefugebienetre.fr\/index.php\/reflexologie-plantaire\/","title":{"rendered":"Relaxation plantaire"},"content":{"rendered":"\n<h3 class=\"wp-block-heading has-text-align-center\">Stimulation des pieds pour r\u00e9\u00e9quilibrer corps, esprit et \u00e9nergie vitale.<\/h3>\n\n\n<div class=\"wp-block-image\">\n<figure class=\"aligncenter size-large is-resized\"><img fetchpriority=\"high\" decoding=\"async\" width=\"682\" height=\"1024\" src=\"https:\/\/orefugebienetre.fr\/wp-content\/uploads\/2025\/09\/Copie-de-Photos-massages-2-682x1024.png\" alt=\"\" class=\"wp-image-1090\" style=\"width:500px\" srcset=\"https:\/\/orefugebienetre.fr\/wp-content\/uploads\/2025\/09\/Copie-de-Photos-massages-2-682x1024.png 682w, https:\/\/orefugebienetre.fr\/wp-content\/uploads\/2025\/09\/Copie-de-Photos-massages-2-200x300.png 200w, https:\/\/orefugebienetre.fr\/wp-content\/uploads\/2025\/09\/Copie-de-Photos-massages-2-100x150.png 100w, https:\/\/orefugebienetre.fr\/wp-content\/uploads\/2025\/09\/Copie-de-Photos-massages-2-768x1152.png 768w, https:\/\/orefugebienetre.fr\/wp-content\/uploads\/2025\/09\/Copie-de-Photos-massages-2-1024x1536.png 1024w, https:\/\/orefugebienetre.fr\/wp-content\/uploads\/2025\/09\/Copie-de-Photos-massages-2.png 1333w\" sizes=\"(max-width: 682px) 100vw, 682px\" \/><\/figure>\n<\/div>\n\n\n<p><\/p>\n\n\n<div class=\"wp-block-image\">\n<figure class=\"aligncenter size-large is-resized\"><img decoding=\"async\" width=\"1748\" height=\"1240\" src=\"https:\/\/orefugebienetre.fr\/wp-content\/uploads\/2025\/09\/6-1024x726.png\" alt=\"\" class=\"wp-image-1075\" style=\"width:500px\" srcset=\"https:\/\/orefugebienetre.fr\/wp-content\/uploads\/2025\/09\/6-1024x726.png 1024w, https:\/\/orefugebienetre.fr\/wp-content\/uploads\/2025\/09\/6-300x213.png 300w, https:\/\/orefugebienetre.fr\/wp-content\/uploads\/2025\/09\/6-150x106.png 150w, https:\/\/orefugebienetre.fr\/wp-content\/uploads\/2025\/09\/6-768x545.png 768w, https:\/\/orefugebienetre.fr\/wp-content\/uploads\/2025\/09\/6-1536x1090.png 1536w, https:\/\/orefugebienetre.fr\/wp-content\/uploads\/2025\/09\/6.png 1748w\" sizes=\"(max-width: 1748px) 100vw, 1748px\" \/><\/figure>\n<\/div>\n\n\n<div style=\"height:50px\" aria-hidden=\"true\" class=\"wp-block-spacer\"><\/div>\n\n\n\n<div class=\"wp-block-buttons is-content-justification-center is-layout-flex wp-container-core-buttons-is-layout-16018d1d wp-block-buttons-is-layout-flex\">\n<div class=\"wp-block-button\"><a class=\"wp-block-button__link wp-element-button\" href=\"https:\/\/orefugebienetre.fr\/index.php\/contact\/\">Prendre RDV &gt;<\/a><\/div>\n<\/div>\n\n\n\n<div style=\"height:50px\" aria-hidden=\"true\" class=\"wp-block-spacer\"><\/div>\n\n\n\n<p><\/p>\n\n\n\n<h3 class=\"wp-block-heading\"><strong>Qu\u2019est-ce que la relaxation plantaire<\/strong><\/h3>\n\n\n\n<p>La relaxation plantaire est une pratique douce et naturelle qui <strong>stimule des points r\u00e9flexes<\/strong> <strong>sp\u00e9cifiques <\/strong>situ\u00e9s au niveau des pieds. Ces points sont li\u00e9s \u00e0 des zones et organes du corps, favorisant un r\u00e9\u00e9quilibrage global.<\/p>\n\n\n\n<h3 class=\"wp-block-heading\"><strong><strong>Origine de la <strong>relaxation<\/strong> plantaire<\/strong><\/strong><\/h3>\n\n\n\n<p>Cette pratique remonte \u00e0 l&rsquo;\u00c9gypte et la Chine anciennes, o\u00f9 elle \u00e9tait utilis\u00e9e pour harmoniser le corps. La r\u00e9flexologie moderne a \u00e9t\u00e9 popularis\u00e9e au d\u00e9but du XXe si\u00e8cle par Eunice Ingham, une physioth\u00e9rapeute am\u00e9ricaine.<\/p>\n\n\n\n<h3 class=\"wp-block-heading\"><strong>Les bienfaits de la <strong>relaxation<\/strong> plantaire<\/strong><\/h3>\n\n\n\n<ul class=\"wp-block-list\">\n<li>Soutient les fonctions vitales des organes internes<\/li>\n\n\n\n<li>Stimule les fonctions organiques en travaillant sur les zones r\u00e9flexes<\/li>\n\n\n\n<li>Favorise l&rsquo;\u00e9limination des toxines<\/li>\n\n\n\n<li>Augmente l\u2019\u00e9nergie&nbsp;<\/li>\n\n\n\n<li>Stimule le syst\u00e8me nerveux<\/li>\n\n\n\n<li>Apaise les migraines<\/li>\n\n\n\n<li>Apaise les douleurs dorsales et articulaire&nbsp;<\/li>\n\n\n\n<li>Am\u00e9liore le sommeil<\/li>\n\n\n\n<li>Am\u00e9liore la circulation sanguine<\/li>\n\n\n\n<li>Favorise une profonde relaxation<\/li>\n\n\n\n<li>R\u00e9duit le stress et l\u2019anxi\u00e9t\u00e9<\/li>\n\n\n\n<li>Renforce le syst\u00e8me immunitaire<\/li>\n<\/ul>\n\n\n\n<h3 class=\"wp-block-heading\"><strong>D\u00e9roulement d\u2019une s\u00e9ance de <strong>relaxation<\/strong> plantaire&nbsp;<\/strong><\/h3>\n\n\n\n<ol class=\"wp-block-list\">\n<li><strong>Echange initial :<\/strong>&nbsp;je prendrais le temps de discuter avec vous pour identifier vos besoins sp\u00e9cifiques.<\/li>\n\n\n\n<li><strong>Pendant la s\u00e9ance, <\/strong>massage et stimulation des zones r\u00e9flexes des pieds avec des gestes pr\u00e9cis.<\/li>\n\n\n\n<li><strong>Repos en fin de massage&nbsp;:<\/strong> je vous laisserai un moment pour reprendre vos esprits en douceur&nbsp;: la s\u00e9ance se termine par une relaxation finale pour permettre \u00e0 l&rsquo;organisme d&rsquo;assimiler les bienfaits. pr\u00e9voir 15 minutes de plus afin de vivre pleinement ce moment de d\u00e9contraction comme une p\u00e9riode de ressourcement \u00e0 la vie.<\/li>\n<\/ol>\n\n\n\n<h3 class=\"wp-block-heading\"><strong>Contre-Indications de la <strong>relaxation<\/strong> plantaire&nbsp;<\/strong><\/h3>\n\n\n\n<p>La relaxation plantaire est d\u00e9conseill\u00e9e dans les cas suivants :<\/p>\n\n\n\n<ul class=\"wp-block-list\">\n<li>Grossesse \u00e0 risque.<\/li>\n\n\n\n<li>Pathologies graves comme les maladies cardiaques non stabilis\u00e9es.<\/li>\n\n\n\n<li>Infections ou blessures r\u00e9centes aux pieds. En cas de doute, il est recommand\u00e9 de consulter un professionnel de sant\u00e9.<\/li>\n<\/ul>\n\n\n\n<p><\/p>\n","protected":false},"excerpt":{"rendered":"<p>Stimulation des pieds pour r\u00e9\u00e9quilibrer corps, esprit et \u00e9nergie vitale. Qu\u2019est-ce que la relaxation plantaire La relaxation plantaire est une pratique douce et naturelle qui stimule des points r\u00e9flexes sp\u00e9cifiques situ\u00e9s au niveau des pieds. Ces points sont li\u00e9s \u00e0 des zones et organes du corps, favorisant un r\u00e9\u00e9quilibrage global. Origine de la relaxation plantaire [&hellip;]<\/p>\n","protected":false},"author":1,"featured_media":0,"parent":0,"menu_order":0,"comment_status":"closed","ping_status":"closed","template":"","meta":{"inline_featured_image":false,"footnotes":""},"class_list":["post-525","page","type-page","status-publish","hentry"],"yoast_head":"<!-- This site is optimized with the Yoast SEO plugin v25.5 - https:\/\/yoast.com\/wordpress\/plugins\/seo\/ -->\n<title>Relaxation plantaire - \u00d4 refuge bien \u00eatre<\/title>\n<meta name=\"robots\" content=\"index, follow, max-snippet:-1, max-image-preview:large, max-video-preview:-1\" \/>\n<link rel=\"canonical\" href=\"https:\/\/orefugebienetre.fr\/index.php\/reflexologie-plantaire\/\" \/>\n<meta property=\"og:locale\" content=\"fr_FR\" \/>\n<meta property=\"og:type\" content=\"article\" \/>\n<meta property=\"og:title\" content=\"Relaxation plantaire - \u00d4 refuge bien \u00eatre\" \/>\n<meta property=\"og:description\" content=\"Stimulation des pieds pour r\u00e9\u00e9quilibrer corps, esprit et \u00e9nergie vitale. Qu\u2019est-ce que la relaxation plantaire La relaxation plantaire est une pratique douce et naturelle qui stimule des points r\u00e9flexes sp\u00e9cifiques situ\u00e9s au niveau des pieds. Ces points sont li\u00e9s \u00e0 des zones et organes du corps, favorisant un r\u00e9\u00e9quilibrage global. Origine de la relaxation plantaire [&hellip;]\" \/>\n<meta property=\"og:url\" content=\"https:\/\/orefugebienetre.fr\/index.php\/reflexologie-plantaire\/\" \/>\n<meta property=\"og:site_name\" content=\"\u00d4 refuge bien \u00eatre\" \/>\n<meta property=\"article:publisher\" content=\"https:\/\/www.facebook.com\/people\/Hlne-Illys\/pfbid025qQGgmMxFcpgVs2mo8tz3snCTwoNLzvR2jmKvJQk6qnYKJ9VXFJkGSuypazHhVjtl\/\" \/>\n<meta property=\"article:modified_time\" content=\"2025-09-08T18:30:14+00:00\" \/>\n<meta property=\"og:image\" content=\"https:\/\/orefugebienetre.fr\/wp-content\/uploads\/2025\/09\/Copie-de-Photos-massages-2.png\" \/>\n\t<meta property=\"og:image:width\" content=\"1333\" \/>\n\t<meta property=\"og:image:height\" content=\"2000\" \/>\n\t<meta property=\"og:image:type\" content=\"image\/png\" \/>\n<meta name=\"twitter:card\" content=\"summary_large_image\" \/>\n<meta name=\"twitter:label1\" content=\"Dur\u00e9e de lecture estim\u00e9e\" \/>\n\t<meta name=\"twitter:data1\" content=\"2 minutes\" \/>\n<script type=\"application\/ld+json\" class=\"yoast-schema-graph\">{\"@context\":\"https:\/\/schema.org\",\"@graph\":[{\"@type\":\"WebPage\",\"@id\":\"https:\/\/orefugebienetre.fr\/index.php\/reflexologie-plantaire\/\",\"url\":\"https:\/\/orefugebienetre.fr\/index.php\/reflexologie-plantaire\/\",\"name\":\"Relaxation plantaire - \u00d4 refuge bien \u00eatre\",\"isPartOf\":{\"@id\":\"https:\/\/orefugebienetre.fr\/#website\"},\"primaryImageOfPage\":{\"@id\":\"https:\/\/orefugebienetre.fr\/index.php\/reflexologie-plantaire\/#primaryimage\"},\"image\":{\"@id\":\"https:\/\/orefugebienetre.fr\/index.php\/reflexologie-plantaire\/#primaryimage\"},\"thumbnailUrl\":\"https:\/\/orefugebienetre.fr\/wp-content\/uploads\/2025\/09\/Copie-de-Photos-massages-2-682x1024.png\",\"datePublished\":\"2025-04-22T19:50:48+00:00\",\"dateModified\":\"2025-09-08T18:30:14+00:00\",\"breadcrumb\":{\"@id\":\"https:\/\/orefugebienetre.fr\/index.php\/reflexologie-plantaire\/#breadcrumb\"},\"inLanguage\":\"fr-FR\",\"potentialAction\":[{\"@type\":\"ReadAction\",\"target\":[\"https:\/\/orefugebienetre.fr\/index.php\/reflexologie-plantaire\/\"]}]},{\"@type\":\"ImageObject\",\"inLanguage\":\"fr-FR\",\"@id\":\"https:\/\/orefugebienetre.fr\/index.php\/reflexologie-plantaire\/#primaryimage\",\"url\":\"https:\/\/orefugebienetre.fr\/wp-content\/uploads\/2025\/09\/Copie-de-Photos-massages-2.png\",\"contentUrl\":\"https:\/\/orefugebienetre.fr\/wp-content\/uploads\/2025\/09\/Copie-de-Photos-massages-2.png\",\"width\":1333,\"height\":2000},{\"@type\":\"BreadcrumbList\",\"@id\":\"https:\/\/orefugebienetre.fr\/index.php\/reflexologie-plantaire\/#breadcrumb\",\"itemListElement\":[{\"@type\":\"ListItem\",\"position\":1,\"name\":\"Accueil\",\"item\":\"https:\/\/orefugebienetre.fr\/\"},{\"@type\":\"ListItem\",\"position\":2,\"name\":\"Relaxation plantaire\"}]},{\"@type\":\"WebSite\",\"@id\":\"https:\/\/orefugebienetre.fr\/#website\",\"url\":\"https:\/\/orefugebienetre.fr\/\",\"name\":\"\u00d4 refuge bien \u00eatre\",\"description\":\"\u00d4 refuge bien \u00eatre\",\"publisher\":{\"@id\":\"https:\/\/orefugebienetre.fr\/#organization\"},\"potentialAction\":[{\"@type\":\"SearchAction\",\"target\":{\"@type\":\"EntryPoint\",\"urlTemplate\":\"https:\/\/orefugebienetre.fr\/?s={search_term_string}\"},\"query-input\":{\"@type\":\"PropertyValueSpecification\",\"valueRequired\":true,\"valueName\":\"search_term_string\"}}],\"inLanguage\":\"fr-FR\"},{\"@type\":\"Organization\",\"@id\":\"https:\/\/orefugebienetre.fr\/#organization\",\"name\":\"\u00d4 refuge bien \u00eatre\",\"url\":\"https:\/\/orefugebienetre.fr\/\",\"logo\":{\"@type\":\"ImageObject\",\"inLanguage\":\"fr-FR\",\"@id\":\"https:\/\/orefugebienetre.fr\/#\/schema\/logo\/image\/\",\"url\":\"https:\/\/orefugebienetre.fr\/wp-content\/uploads\/2025\/04\/O-refuge-bien-etre-2.svg\",\"contentUrl\":\"https:\/\/orefugebienetre.fr\/wp-content\/uploads\/2025\/04\/O-refuge-bien-etre-2.svg\",\"width\":940,\"height\":788,\"caption\":\"\u00d4 refuge bien \u00eatre\"},\"image\":{\"@id\":\"https:\/\/orefugebienetre.fr\/#\/schema\/logo\/image\/\"},\"sameAs\":[\"https:\/\/www.facebook.com\/people\/Hlne-Illys\/pfbid025qQGgmMxFcpgVs2mo8tz3snCTwoNLzvR2jmKvJQk6qnYKJ9VXFJkGSuypazHhVjtl\/\",\"https:\/\/www.instagram.com\/orefugebienetre_angers\/#\",\"https:\/\/www.linkedin.com\/in\/hlne-illyes-122a329\/\"]}]}<\/script>\n<!-- \/ Yoast SEO plugin. -->","yoast_head_json":{"title":"Relaxation plantaire - \u00d4 refuge bien \u00eatre","robots":{"index":"index","follow":"follow","max-snippet":"max-snippet:-1","max-image-preview":"max-image-preview:large","max-video-preview":"max-video-preview:-1"},"canonical":"https:\/\/orefugebienetre.fr\/index.php\/reflexologie-plantaire\/","og_locale":"fr_FR","og_type":"article","og_title":"Relaxation plantaire - \u00d4 refuge bien \u00eatre","og_description":"Stimulation des pieds pour r\u00e9\u00e9quilibrer corps, esprit et \u00e9nergie vitale. Qu\u2019est-ce que la relaxation plantaire La relaxation plantaire est une pratique douce et naturelle qui stimule des points r\u00e9flexes sp\u00e9cifiques situ\u00e9s au niveau des pieds. Ces points sont li\u00e9s \u00e0 des zones et organes du corps, favorisant un r\u00e9\u00e9quilibrage global. Origine de la relaxation plantaire [&hellip;]","og_url":"https:\/\/orefugebienetre.fr\/index.php\/reflexologie-plantaire\/","og_site_name":"\u00d4 refuge bien \u00eatre","article_publisher":"https:\/\/www.facebook.com\/people\/Hlne-Illys\/pfbid025qQGgmMxFcpgVs2mo8tz3snCTwoNLzvR2jmKvJQk6qnYKJ9VXFJkGSuypazHhVjtl\/","article_modified_time":"2025-09-08T18:30:14+00:00","og_image":[{"width":1333,"height":2000,"url":"https:\/\/orefugebienetre.fr\/wp-content\/uploads\/2025\/09\/Copie-de-Photos-massages-2.png","type":"image\/png"}],"twitter_card":"summary_large_image","twitter_misc":{"Dur\u00e9e de lecture estim\u00e9e":"2 minutes"},"schema":{"@context":"https:\/\/schema.org","@graph":[{"@type":"WebPage","@id":"https:\/\/orefugebienetre.fr\/index.php\/reflexologie-plantaire\/","url":"https:\/\/orefugebienetre.fr\/index.php\/reflexologie-plantaire\/","name":"Relaxation plantaire - \u00d4 refuge bien \u00eatre","isPartOf":{"@id":"https:\/\/orefugebienetre.fr\/#website"},"primaryImageOfPage":{"@id":"https:\/\/orefugebienetre.fr\/index.php\/reflexologie-plantaire\/#primaryimage"},"image":{"@id":"https:\/\/orefugebienetre.fr\/index.php\/reflexologie-plantaire\/#primaryimage"},"thumbnailUrl":"https:\/\/orefugebienetre.fr\/wp-content\/uploads\/2025\/09\/Copie-de-Photos-massages-2-682x1024.png","datePublished":"2025-04-22T19:50:48+00:00","dateModified":"2025-09-08T18:30:14+00:00","breadcrumb":{"@id":"https:\/\/orefugebienetre.fr\/index.php\/reflexologie-plantaire\/#breadcrumb"},"inLanguage":"fr-FR","potentialAction":[{"@type":"ReadAction","target":["https:\/\/orefugebienetre.fr\/index.php\/reflexologie-plantaire\/"]}]},{"@type":"ImageObject","inLanguage":"fr-FR","@id":"https:\/\/orefugebienetre.fr\/index.php\/reflexologie-plantaire\/#primaryimage","url":"https:\/\/orefugebienetre.fr\/wp-content\/uploads\/2025\/09\/Copie-de-Photos-massages-2.png","contentUrl":"https:\/\/orefugebienetre.fr\/wp-content\/uploads\/2025\/09\/Copie-de-Photos-massages-2.png","width":1333,"height":2000},{"@type":"BreadcrumbList","@id":"https:\/\/orefugebienetre.fr\/index.php\/reflexologie-plantaire\/#breadcrumb","itemListElement":[{"@type":"ListItem","position":1,"name":"Accueil","item":"https:\/\/orefugebienetre.fr\/"},{"@type":"ListItem","position":2,"name":"Relaxation plantaire"}]},{"@type":"WebSite","@id":"https:\/\/orefugebienetre.fr\/#website","url":"https:\/\/orefugebienetre.fr\/","name":"\u00d4 refuge bien \u00eatre","description":"\u00d4 refuge bien \u00eatre","publisher":{"@id":"https:\/\/orefugebienetre.fr\/#organization"},"potentialAction":[{"@type":"SearchAction","target":{"@type":"EntryPoint","urlTemplate":"https:\/\/orefugebienetre.fr\/?s={search_term_string}"},"query-input":{"@type":"PropertyValueSpecification","valueRequired":true,"valueName":"search_term_string"}}],"inLanguage":"fr-FR"},{"@type":"Organization","@id":"https:\/\/orefugebienetre.fr\/#organization","name":"\u00d4 refuge bien \u00eatre","url":"https:\/\/orefugebienetre.fr\/","logo":{"@type":"ImageObject","inLanguage":"fr-FR","@id":"https:\/\/orefugebienetre.fr\/#\/schema\/logo\/image\/","url":"https:\/\/orefugebienetre.fr\/wp-content\/uploads\/2025\/04\/O-refuge-bien-etre-2.svg","contentUrl":"https:\/\/orefugebienetre.fr\/wp-content\/uploads\/2025\/04\/O-refuge-bien-etre-2.svg","width":940,"height":788,"caption":"\u00d4 refuge bien \u00eatre"},"image":{"@id":"https:\/\/orefugebienetre.fr\/#\/schema\/logo\/image\/"},"sameAs":["https:\/\/www.facebook.com\/people\/Hlne-Illys\/pfbid025qQGgmMxFcpgVs2mo8tz3snCTwoNLzvR2jmKvJQk6qnYKJ9VXFJkGSuypazHhVjtl\/","https:\/\/www.instagram.com\/orefugebienetre_angers\/#","https:\/\/www.linkedin.com\/in\/hlne-illyes-122a329\/"]}]}},"_links":{"self":[{"href":"https:\/\/orefugebienetre.fr\/index.php\/wp-json\/wp\/v2\/pages\/525","targetHints":{"allow":["GET"]}}],"collection":[{"href":"https:\/\/orefugebienetre.fr\/index.php\/wp-json\/wp\/v2\/pages"}],"about":[{"href":"https:\/\/orefugebienetre.fr\/index.php\/wp-json\/wp\/v2\/types\/page"}],"author":[{"embeddable":true,"href":"https:\/\/orefugebienetre.fr\/index.php\/wp-json\/wp\/v2\/users\/1"}],"replies":[{"embeddable":true,"href":"https:\/\/orefugebienetre.fr\/index.php\/wp-json\/wp\/v2\/comments?post=525"}],"version-history":[{"count":8,"href":"https:\/\/orefugebienetre.fr\/index.php\/wp-json\/wp\/v2\/pages\/525\/revisions"}],"predecessor-version":[{"id":1091,"href":"https:\/\/orefugebienetre.fr\/index.php\/wp-json\/wp\/v2\/pages\/525\/revisions\/1091"}],"wp:attachment":[{"href":"https:\/\/orefugebienetre.fr\/index.php\/wp-json\/wp\/v2\/media?parent=525"}],"curies":[{"name":"wp","href":"https:\/\/api.w.org\/{rel}","templated":true}]}}