{"id":583,"date":"2025-04-23T23:23:11","date_gmt":"2025-04-23T21:23:11","guid":{"rendered":"https:\/\/orefugebienetre.fr\/?page_id=583"},"modified":"2025-10-04T23:56:56","modified_gmt":"2025-10-04T21:56:56","slug":"contact","status":"publish","type":"page","link":"https:\/\/orefugebienetre.fr\/index.php\/contact\/","title":{"rendered":"Contact"},"content":{"rendered":"\t\t<div data-elementor-type=\"wp-page\" data-elementor-id=\"583\" class=\"elementor elementor-583\">\n\t\t\t\t<div class=\"elementor-element elementor-element-50072e2 e-flex e-con-boxed e-con e-parent\" data-id=\"50072e2\" data-element_type=\"container\">\n\t\t\t\t\t<div class=\"e-con-inner\">\n\t\t\t\t<div class=\"elementor-element elementor-element-47ada94 elementor-widget elementor-widget-image\" data-id=\"47ada94\" data-element_type=\"widget\" data-widget_type=\"image.default\">\n\t\t\t\t<div class=\"elementor-widget-container\">\n\t\t\t\t\t\t\t\t\t\t\t\t\t\t\t<img fetchpriority=\"high\" decoding=\"async\" width=\"1024\" height=\"544\" src=\"https:\/\/orefugebienetre.fr\/wp-content\/uploads\/2025\/04\/Capture-decran-2025-04-23-230810-Picsart-AiImageEnhancer-1024x544.png\" class=\"attachment-large size-large wp-image-584\" alt=\"\" srcset=\"https:\/\/orefugebienetre.fr\/wp-content\/uploads\/2025\/04\/Capture-decran-2025-04-23-230810-Picsart-AiImageEnhancer-1024x544.png 1024w, https:\/\/orefugebienetre.fr\/wp-content\/uploads\/2025\/04\/Capture-decran-2025-04-23-230810-Picsart-AiImageEnhancer-300x159.png 300w, https:\/\/orefugebienetre.fr\/wp-content\/uploads\/2025\/04\/Capture-decran-2025-04-23-230810-Picsart-AiImageEnhancer-768x408.png 768w, https:\/\/orefugebienetre.fr\/wp-content\/uploads\/2025\/04\/Capture-decran-2025-04-23-230810-Picsart-AiImageEnhancer-1536x815.png 1536w, https:\/\/orefugebienetre.fr\/wp-content\/uploads\/2025\/04\/Capture-decran-2025-04-23-230810-Picsart-AiImageEnhancer-2048x1087.png 2048w\" sizes=\"(max-width: 1024px) 100vw, 1024px\" \/>\t\t\t\t\t\t\t\t\t\t\t\t\t\t\t<\/div>\n\t\t\t\t<\/div>\n\t\t\t\t\t<\/div>\n\t\t\t\t<\/div>\n\t\t<div class=\"elementor-element elementor-element-0d41abe e-flex e-con-boxed e-con e-parent\" data-id=\"0d41abe\" data-element_type=\"container\">\n\t\t\t\t\t<div class=\"e-con-inner\">\n\t\t<div class=\"elementor-element elementor-element-9d56fa1 e-con-full e-grid e-con e-child\" data-id=\"9d56fa1\" data-element_type=\"container\">\n\t\t<div class=\"elementor-element elementor-element-765da46 e-con-full e-flex e-con e-child\" data-id=\"765da46\" data-element_type=\"container\">\n\t\t\t\t<div class=\"elementor-element elementor-element-1e2752e elementor-widget elementor-widget-heading\" data-id=\"1e2752e\" data-element_type=\"widget\" data-widget_type=\"heading.default\">\n\t\t\t\t<div class=\"elementor-widget-container\">\n\t\t\t\t\t<h2 class=\"elementor-heading-title elementor-size-default\">H\u00e9l\u00e8ne Illy\u00e8s,<\/h2>\t\t\t\t<\/div>\n\t\t\t\t<\/div>\n\t\t\t\t<div class=\"elementor-element elementor-element-e7d3f11 elementor-widget elementor-widget-text-editor\" data-id=\"e7d3f11\" data-element_type=\"widget\" data-widget_type=\"text-editor.default\">\n\t\t\t\t<div class=\"elementor-widget-container\">\n\t\t\t\t\t\t\t\t\t<p>Praticienne en massage bien-\u00eatre,<\/p><p>Ma\u00eetre Praticienne en hypnose,<\/p><p>Conseil en rem\u00e8des naturels.<\/p>\t\t\t\t\t\t\t\t<\/div>\n\t\t\t\t<\/div>\n\t\t\t\t<\/div>\n\t\t<div class=\"elementor-element elementor-element-422d71b e-con-full e-flex e-con e-child\" data-id=\"422d71b\" data-element_type=\"container\">\n\t\t\t\t<div class=\"elementor-element elementor-element-29e6d5b elementor-widget elementor-widget-heading\" data-id=\"29e6d5b\" data-element_type=\"widget\" data-widget_type=\"heading.default\">\n\t\t\t\t<div class=\"elementor-widget-container\">\n\t\t\t\t\t<h2 class=\"elementor-heading-title elementor-size-default\">Horaires<\/h2>\t\t\t\t<\/div>\n\t\t\t\t<\/div>\n\t\t\t\t<div class=\"elementor-element elementor-element-6705557 elementor-widget elementor-widget-text-editor\" data-id=\"6705557\" data-element_type=\"widget\" data-widget_type=\"text-editor.default\">\n\t\t\t\t<div class=\"elementor-widget-container\">\n\t\t\t\t\t\t\t\t\t<p>Lundi-mardi : 11h00-20h00<br \/>Jeudi-vendredi : 11h00-20h00<br \/>Mercredi-samedi : 11h00-13h30<br \/>Dimanche : ferm\u00e9<\/p>\t\t\t\t\t\t\t\t<\/div>\n\t\t\t\t<\/div>\n\t\t\t\t<\/div>\n\t\t<div class=\"elementor-element elementor-element-5028379 e-con-full e-flex e-con e-child\" data-id=\"5028379\" data-element_type=\"container\">\n\t\t\t\t<div class=\"elementor-element elementor-element-45a8756 elementor-widget elementor-widget-heading\" data-id=\"45a8756\" data-element_type=\"widget\" data-widget_type=\"heading.default\">\n\t\t\t\t<div class=\"elementor-widget-container\">\n\t\t\t\t\t<h2 class=\"elementor-heading-title elementor-size-default\"><h2 class=\"elementor-heading-title elementor-size-default elementor-inline-editing pen\" data-elementor-setting-key=\"title\" data-pen-placeholder=\"\u00c9crivez ici...\" style=\"font-family: Roboto, sans-serif; font-weight: 600; color: rgb(110, 193, 228); text-align: center;\">Contact<\/h2><\/h2>\t\t\t\t<\/div>\n\t\t\t\t<\/div>\n\t\t\t\t<div class=\"elementor-element elementor-element-da095d4 elementor-widget elementor-widget-text-editor\" data-id=\"da095d4\" data-element_type=\"widget\" data-widget_type=\"text-editor.default\">\n\t\t\t\t<div class=\"elementor-widget-container\">\n\t\t\t\t\t\t\t\t\t<p><strong>\u00d4 Refuge Bien-\u00eatre<\/strong><br \/>1 Rue de la Barre<br \/>49000 Angers<\/p><p>Email: contact@orefugebienetre.fr<\/p><p>06 30 72 38 69<\/p>\t\t\t\t\t\t\t\t<\/div>\n\t\t\t\t<\/div>\n\t\t\t\t<\/div>\n\t\t\t\t<\/div>\n\t\t\t\t\t<\/div>\n\t\t\t\t<\/div>\n\t\t<div class=\"elementor-element elementor-element-9ff83d3 e-grid e-con-boxed e-con e-parent\" data-id=\"9ff83d3\" data-element_type=\"container\">\n\t\t\t\t\t<div class=\"e-con-inner\">\n\t\t\t\t<div class=\"elementor-element elementor-element-0e69bf9 elementor-widget elementor-widget-google_maps\" data-id=\"0e69bf9\" data-element_type=\"widget\" data-widget_type=\"google_maps.default\">\n\t\t\t\t<div class=\"elementor-widget-container\">\n\t\t\t\t\t\t\t<div class=\"elementor-custom-embed\">\n\t\t\t<iframe loading=\"lazy\"\n\t\t\t\t\tsrc=\"https:\/\/maps.google.com\/maps?q=1%20rue%20de%20la%20Barre%2C%20Angers%2049000&#038;t=m&#038;z=14&#038;output=embed&#038;iwloc=near\"\n\t\t\t\t\ttitle=\"1 rue de la Barre, Angers 49000\"\n\t\t\t\t\taria-label=\"1 rue de la Barre, Angers 49000\"\n\t\t\t><\/iframe>\n\t\t<\/div>\n\t\t\t\t\t\t<\/div>\n\t\t\t\t<\/div>\n\t\t<div class=\"elementor-element elementor-element-58020a3 e-con-full e-flex e-con e-child\" data-id=\"58020a3\" data-element_type=\"container\" data-settings=\"{&quot;background_background&quot;:&quot;gradient&quot;}\">\n\t\t\t\t<div class=\"elementor-element elementor-element-183688a elementor-widget elementor-widget-heading\" data-id=\"183688a\" data-element_type=\"widget\" data-widget_type=\"heading.default\">\n\t\t\t\t<div class=\"elementor-widget-container\">\n\t\t\t\t\t<h2 class=\"elementor-heading-title elementor-size-default\">Prenez rendez-vous<\/h2>\t\t\t\t<\/div>\n\t\t\t\t<\/div>\n\t\t\t\t<div class=\"elementor-element elementor-element-900caa6 elementor-widget elementor-widget-text-editor\" data-id=\"900caa6\" data-element_type=\"widget\" data-widget_type=\"text-editor.default\">\n\t\t\t\t<div class=\"elementor-widget-container\">\n\t\t\t\t\t\t\t\t\t\n<h4 style=\"color: white !important;\">Prenez directement rendez-vous<\/h4>\n<div style=\"padding:20px 0;\" class=\"wp-block-button\"><a class=\"wp-block-button__link wp-element-button\" href=\"https:\/\/orefugebienetre.fr\/index.php\/prendre-rendez-vous\/\">Prendre RDV &gt;<\/a><\/div>\n<h4  style=\"color: white !important;\">Ou Contacter-moi soit:<\/br>\n&#8211; par email,<\/br>\n&#8211; par t\u00e9l\u00e9phone,<\/br>\n&#8211; ou via les r\u00e9seaux sociaux\n<\/h4>\t\t\t\t\t\t\t\t<\/div>\n\t\t\t\t<\/div>\n\t\t\t\t<\/div>\n\t\t\t\t\t<\/div>\n\t\t\t\t<\/div>\n\t\t\t\t<\/div>\n\t\t","protected":false},"excerpt":{"rendered":"<p>H\u00e9l\u00e8ne Illy\u00e8s, Praticienne en massage bien-\u00eatre, Ma\u00eetre Praticienne en hypnose, Conseil en rem\u00e8des naturels. Horaires Lundi-mardi : 11h00-20h00Jeudi-vendredi : 11h00-20h00Mercredi-samedi : 11h00-13h30Dimanche : ferm\u00e9 Contact \u00d4 Refuge Bien-\u00eatre1 Rue de la Barre49000 Angers Email: contact@orefugebienetre.fr 06 30 72 38 69 Prenez rendez-vous Prenez directement rendez-vous Prendre RDV &gt; Ou Contacter-moi soit: &#8211; par email, &#8211; [&hellip;]<\/p>\n","protected":false},"author":1,"featured_media":0,"parent":0,"menu_order":0,"comment_status":"closed","ping_status":"closed","template":"","meta":{"inline_featured_image":false,"footnotes":""},"class_list":["post-583","page","type-page","status-publish","hentry"],"yoast_head":"<!-- This site is optimized with the Yoast SEO plugin v25.5 - https:\/\/yoast.com\/wordpress\/plugins\/seo\/ -->\n<title>Contact - \u00d4 refuge bien \u00eatre<\/title>\n<meta name=\"robots\" content=\"index, follow, max-snippet:-1, max-image-preview:large, max-video-preview:-1\" \/>\n<link rel=\"canonical\" href=\"https:\/\/orefugebienetre.fr\/index.php\/contact\/\" \/>\n<meta property=\"og:locale\" content=\"fr_FR\" \/>\n<meta property=\"og:type\" content=\"article\" \/>\n<meta property=\"og:title\" content=\"Contact - \u00d4 refuge bien \u00eatre\" \/>\n<meta property=\"og:description\" content=\"H\u00e9l\u00e8ne Illy\u00e8s, Praticienne en massage bien-\u00eatre, Ma\u00eetre Praticienne en hypnose, Conseil en rem\u00e8des naturels. Horaires Lundi-mardi : 11h00-20h00Jeudi-vendredi : 11h00-20h00Mercredi-samedi : 11h00-13h30Dimanche : ferm\u00e9 Contact \u00d4 Refuge Bien-\u00eatre1 Rue de la Barre49000 Angers Email: contact@orefugebienetre.fr 06 30 72 38 69 Prenez rendez-vous Prenez directement rendez-vous Prendre RDV &gt; Ou Contacter-moi soit: &#8211; par email, &#8211; [&hellip;]\" \/>\n<meta property=\"og:url\" content=\"https:\/\/orefugebienetre.fr\/index.php\/contact\/\" \/>\n<meta property=\"og:site_name\" content=\"\u00d4 refuge bien \u00eatre\" \/>\n<meta property=\"article:publisher\" content=\"https:\/\/www.facebook.com\/people\/Hlne-Illys\/pfbid025qQGgmMxFcpgVs2mo8tz3snCTwoNLzvR2jmKvJQk6qnYKJ9VXFJkGSuypazHhVjtl\/\" \/>\n<meta property=\"article:modified_time\" content=\"2025-10-04T21:56:56+00:00\" \/>\n<meta property=\"og:image\" content=\"https:\/\/orefugebienetre.fr\/wp-content\/uploads\/2025\/04\/Capture-decran-2025-04-23-230810-Picsart-AiImageEnhancer-1024x544.png\" \/>\n\t<meta property=\"og:image:width\" content=\"1024\" \/>\n\t<meta property=\"og:image:height\" content=\"544\" \/>\n\t<meta property=\"og:image:type\" content=\"image\/png\" \/>\n<meta name=\"twitter:card\" content=\"summary_large_image\" \/>\n<meta name=\"twitter:label1\" content=\"Dur\u00e9e de lecture estim\u00e9e\" \/>\n\t<meta name=\"twitter:data1\" content=\"1 minute\" \/>\n<script type=\"application\/ld+json\" class=\"yoast-schema-graph\">{\"@context\":\"https:\/\/schema.org\",\"@graph\":[{\"@type\":\"WebPage\",\"@id\":\"https:\/\/orefugebienetre.fr\/index.php\/contact\/\",\"url\":\"https:\/\/orefugebienetre.fr\/index.php\/contact\/\",\"name\":\"Contact - \u00d4 refuge bien \u00eatre\",\"isPartOf\":{\"@id\":\"https:\/\/orefugebienetre.fr\/#website\"},\"primaryImageOfPage\":{\"@id\":\"https:\/\/orefugebienetre.fr\/index.php\/contact\/#primaryimage\"},\"image\":{\"@id\":\"https:\/\/orefugebienetre.fr\/index.php\/contact\/#primaryimage\"},\"thumbnailUrl\":\"https:\/\/orefugebienetre.fr\/wp-content\/uploads\/2025\/04\/Capture-decran-2025-04-23-230810-Picsart-AiImageEnhancer-1024x544.png\",\"datePublished\":\"2025-04-23T21:23:11+00:00\",\"dateModified\":\"2025-10-04T21:56:56+00:00\",\"breadcrumb\":{\"@id\":\"https:\/\/orefugebienetre.fr\/index.php\/contact\/#breadcrumb\"},\"inLanguage\":\"fr-FR\",\"potentialAction\":[{\"@type\":\"ReadAction\",\"target\":[\"https:\/\/orefugebienetre.fr\/index.php\/contact\/\"]}]},{\"@type\":\"ImageObject\",\"inLanguage\":\"fr-FR\",\"@id\":\"https:\/\/orefugebienetre.fr\/index.php\/contact\/#primaryimage\",\"url\":\"https:\/\/orefugebienetre.fr\/wp-content\/uploads\/2025\/04\/Capture-decran-2025-04-23-230810-Picsart-AiImageEnhancer-scaled.png\",\"contentUrl\":\"https:\/\/orefugebienetre.fr\/wp-content\/uploads\/2025\/04\/Capture-decran-2025-04-23-230810-Picsart-AiImageEnhancer-scaled.png\",\"width\":2560,\"height\":1359},{\"@type\":\"BreadcrumbList\",\"@id\":\"https:\/\/orefugebienetre.fr\/index.php\/contact\/#breadcrumb\",\"itemListElement\":[{\"@type\":\"ListItem\",\"position\":1,\"name\":\"Accueil\",\"item\":\"https:\/\/orefugebienetre.fr\/\"},{\"@type\":\"ListItem\",\"position\":2,\"name\":\"Contact\"}]},{\"@type\":\"WebSite\",\"@id\":\"https:\/\/orefugebienetre.fr\/#website\",\"url\":\"https:\/\/orefugebienetre.fr\/\",\"name\":\"\u00d4 refuge bien \u00eatre\",\"description\":\"\u00d4 refuge bien \u00eatre\",\"publisher\":{\"@id\":\"https:\/\/orefugebienetre.fr\/#organization\"},\"potentialAction\":[{\"@type\":\"SearchAction\",\"target\":{\"@type\":\"EntryPoint\",\"urlTemplate\":\"https:\/\/orefugebienetre.fr\/?s={search_term_string}\"},\"query-input\":{\"@type\":\"PropertyValueSpecification\",\"valueRequired\":true,\"valueName\":\"search_term_string\"}}],\"inLanguage\":\"fr-FR\"},{\"@type\":\"Organization\",\"@id\":\"https:\/\/orefugebienetre.fr\/#organization\",\"name\":\"\u00d4 refuge bien \u00eatre\",\"url\":\"https:\/\/orefugebienetre.fr\/\",\"logo\":{\"@type\":\"ImageObject\",\"inLanguage\":\"fr-FR\",\"@id\":\"https:\/\/orefugebienetre.fr\/#\/schema\/logo\/image\/\",\"url\":\"https:\/\/orefugebienetre.fr\/wp-content\/uploads\/2025\/04\/O-refuge-bien-etre-2.svg\",\"contentUrl\":\"https:\/\/orefugebienetre.fr\/wp-content\/uploads\/2025\/04\/O-refuge-bien-etre-2.svg\",\"width\":940,\"height\":788,\"caption\":\"\u00d4 refuge bien \u00eatre\"},\"image\":{\"@id\":\"https:\/\/orefugebienetre.fr\/#\/schema\/logo\/image\/\"},\"sameAs\":[\"https:\/\/www.facebook.com\/people\/Hlne-Illys\/pfbid025qQGgmMxFcpgVs2mo8tz3snCTwoNLzvR2jmKvJQk6qnYKJ9VXFJkGSuypazHhVjtl\/\",\"https:\/\/www.instagram.com\/orefugebienetre_angers\/#\",\"https:\/\/www.linkedin.com\/in\/hlne-illyes-122a329\/\"]}]}<\/script>\n<!-- \/ Yoast SEO plugin. -->","yoast_head_json":{"title":"Contact - \u00d4 refuge bien \u00eatre","robots":{"index":"index","follow":"follow","max-snippet":"max-snippet:-1","max-image-preview":"max-image-preview:large","max-video-preview":"max-video-preview:-1"},"canonical":"https:\/\/orefugebienetre.fr\/index.php\/contact\/","og_locale":"fr_FR","og_type":"article","og_title":"Contact - \u00d4 refuge bien \u00eatre","og_description":"H\u00e9l\u00e8ne Illy\u00e8s, Praticienne en massage bien-\u00eatre, Ma\u00eetre Praticienne en hypnose, Conseil en rem\u00e8des naturels. Horaires Lundi-mardi : 11h00-20h00Jeudi-vendredi : 11h00-20h00Mercredi-samedi : 11h00-13h30Dimanche : ferm\u00e9 Contact \u00d4 Refuge Bien-\u00eatre1 Rue de la Barre49000 Angers Email: contact@orefugebienetre.fr 06 30 72 38 69 Prenez rendez-vous Prenez directement rendez-vous Prendre RDV &gt; Ou Contacter-moi soit: &#8211; par email, &#8211; [&hellip;]","og_url":"https:\/\/orefugebienetre.fr\/index.php\/contact\/","og_site_name":"\u00d4 refuge bien \u00eatre","article_publisher":"https:\/\/www.facebook.com\/people\/Hlne-Illys\/pfbid025qQGgmMxFcpgVs2mo8tz3snCTwoNLzvR2jmKvJQk6qnYKJ9VXFJkGSuypazHhVjtl\/","article_modified_time":"2025-10-04T21:56:56+00:00","og_image":[{"width":1024,"height":544,"url":"https:\/\/orefugebienetre.fr\/wp-content\/uploads\/2025\/04\/Capture-decran-2025-04-23-230810-Picsart-AiImageEnhancer-1024x544.png","type":"image\/png"}],"twitter_card":"summary_large_image","twitter_misc":{"Dur\u00e9e de lecture estim\u00e9e":"1 minute"},"schema":{"@context":"https:\/\/schema.org","@graph":[{"@type":"WebPage","@id":"https:\/\/orefugebienetre.fr\/index.php\/contact\/","url":"https:\/\/orefugebienetre.fr\/index.php\/contact\/","name":"Contact - \u00d4 refuge bien \u00eatre","isPartOf":{"@id":"https:\/\/orefugebienetre.fr\/#website"},"primaryImageOfPage":{"@id":"https:\/\/orefugebienetre.fr\/index.php\/contact\/#primaryimage"},"image":{"@id":"https:\/\/orefugebienetre.fr\/index.php\/contact\/#primaryimage"},"thumbnailUrl":"https:\/\/orefugebienetre.fr\/wp-content\/uploads\/2025\/04\/Capture-decran-2025-04-23-230810-Picsart-AiImageEnhancer-1024x544.png","datePublished":"2025-04-23T21:23:11+00:00","dateModified":"2025-10-04T21:56:56+00:00","breadcrumb":{"@id":"https:\/\/orefugebienetre.fr\/index.php\/contact\/#breadcrumb"},"inLanguage":"fr-FR","potentialAction":[{"@type":"ReadAction","target":["https:\/\/orefugebienetre.fr\/index.php\/contact\/"]}]},{"@type":"ImageObject","inLanguage":"fr-FR","@id":"https:\/\/orefugebienetre.fr\/index.php\/contact\/#primaryimage","url":"https:\/\/orefugebienetre.fr\/wp-content\/uploads\/2025\/04\/Capture-decran-2025-04-23-230810-Picsart-AiImageEnhancer-scaled.png","contentUrl":"https:\/\/orefugebienetre.fr\/wp-content\/uploads\/2025\/04\/Capture-decran-2025-04-23-230810-Picsart-AiImageEnhancer-scaled.png","width":2560,"height":1359},{"@type":"BreadcrumbList","@id":"https:\/\/orefugebienetre.fr\/index.php\/contact\/#breadcrumb","itemListElement":[{"@type":"ListItem","position":1,"name":"Accueil","item":"https:\/\/orefugebienetre.fr\/"},{"@type":"ListItem","position":2,"name":"Contact"}]},{"@type":"WebSite","@id":"https:\/\/orefugebienetre.fr\/#website","url":"https:\/\/orefugebienetre.fr\/","name":"\u00d4 refuge bien \u00eatre","description":"\u00d4 refuge bien \u00eatre","publisher":{"@id":"https:\/\/orefugebienetre.fr\/#organization"},"potentialAction":[{"@type":"SearchAction","target":{"@type":"EntryPoint","urlTemplate":"https:\/\/orefugebienetre.fr\/?s={search_term_string}"},"query-input":{"@type":"PropertyValueSpecification","valueRequired":true,"valueName":"search_term_string"}}],"inLanguage":"fr-FR"},{"@type":"Organization","@id":"https:\/\/orefugebienetre.fr\/#organization","name":"\u00d4 refuge bien \u00eatre","url":"https:\/\/orefugebienetre.fr\/","logo":{"@type":"ImageObject","inLanguage":"fr-FR","@id":"https:\/\/orefugebienetre.fr\/#\/schema\/logo\/image\/","url":"https:\/\/orefugebienetre.fr\/wp-content\/uploads\/2025\/04\/O-refuge-bien-etre-2.svg","contentUrl":"https:\/\/orefugebienetre.fr\/wp-content\/uploads\/2025\/04\/O-refuge-bien-etre-2.svg","width":940,"height":788,"caption":"\u00d4 refuge bien \u00eatre"},"image":{"@id":"https:\/\/orefugebienetre.fr\/#\/schema\/logo\/image\/"},"sameAs":["https:\/\/www.facebook.com\/people\/Hlne-Illys\/pfbid025qQGgmMxFcpgVs2mo8tz3snCTwoNLzvR2jmKvJQk6qnYKJ9VXFJkGSuypazHhVjtl\/","https:\/\/www.instagram.com\/orefugebienetre_angers\/#","https:\/\/www.linkedin.com\/in\/hlne-illyes-122a329\/"]}]}},"_links":{"self":[{"href":"https:\/\/orefugebienetre.fr\/index.php\/wp-json\/wp\/v2\/pages\/583","targetHints":{"allow":["GET"]}}],"collection":[{"href":"https:\/\/orefugebienetre.fr\/index.php\/wp-json\/wp\/v2\/pages"}],"about":[{"href":"https:\/\/orefugebienetre.fr\/index.php\/wp-json\/wp\/v2\/types\/page"}],"author":[{"embeddable":true,"href":"https:\/\/orefugebienetre.fr\/index.php\/wp-json\/wp\/v2\/users\/1"}],"replies":[{"embeddable":true,"href":"https:\/\/orefugebienetre.fr\/index.php\/wp-json\/wp\/v2\/comments?post=583"}],"version-history":[{"count":48,"href":"https:\/\/orefugebienetre.fr\/index.php\/wp-json\/wp\/v2\/pages\/583\/revisions"}],"predecessor-version":[{"id":1130,"href":"https:\/\/orefugebienetre.fr\/index.php\/wp-json\/wp\/v2\/pages\/583\/revisions\/1130"}],"wp:attachment":[{"href":"https:\/\/orefugebienetre.fr\/index.php\/wp-json\/wp\/v2\/media?parent=583"}],"curies":[{"name":"wp","href":"https:\/\/api.w.org\/{rel}","templated":true}]}}